{"id":416,"date":"2017-10-27T13:02:22","date_gmt":"2017-10-27T12:02:22","guid":{"rendered":"https:\/\/the7.io\/agency\/?page_id=2"},"modified":"2020-03-31T13:51:43","modified_gmt":"2020-03-31T16:51:43","slug":"home","status":"publish","type":"page","link":"https:\/\/www.ejeoxicorte.com.br\/site\/","title":{"rendered":"Home"},"content":{"rendered":"<p>[vc_row css=&#8221;.vc_custom_1509351079558{padding-top: 80px !important;padding-bottom: 100px !important;}&#8221; el_id=&#8221;about&#8221;][vc_column][vc_row_inner content_placement=&#8221;middle&#8221;][vc_column_inner css=&#8221;.vc_custom_1515176114270{padding-bottom: 60px !important;}&#8221; offset=&#8221;vc_col-lg-offset-2 vc_col-lg-8 vc_col-md-offset-1 vc_col-md-10 vc_col-sm-offset-0&#8243;]<div id=\"ultimate-heading-956269f72c9a30177\" class=\"uvc-heading ult-adjust-bottom-margin ultimate-heading-956269f72c9a30177 uvc-5431 accent-border-color accent-icon-color\" data-hspacer=\"line_with_icon\" data-hline_width=\"150\" data-hicon_type=\"selector\" data-hborder_style=\"solid\" data-hborder_height=\"3\" data-hborder_color=\"#31417f\" data-icon_width=\"18\" data-hfixer=\"10\"  data-halign=\"center\" style=\"text-align:center\"><div class=\"uvc-main-heading ult-responsive\"  data-ultimate-target='.uvc-heading.ultimate-heading-956269f72c9a30177 h2'  data-responsive-json-new='{\"font-size\":\"desktop:40px;mobile_landscape:30px;\",\"line-height\":\"desktop:50px;mobile_landscape:40px;\"}' ><h2 style=\"font-weight:bold;\">E.J.E Oxicorte<\/h2><\/div><div class=\"uvc-heading-spacer line_with_icon\" style=\"topheight:18px;\"><div class=\"ult-just-icon-wrapper  \"><div class=\"align-icon\" style=\"text-align:center;\">\n<div class=\"aio-icon none \"  style=\"font-size:18px;display:inline-block;\">\n\t<i class=\"icomoon-font-awesome-14x14-chevron-down\"><\/i>\n<\/div><\/div><\/div><\/div><\/div>[\/vc_column_inner][vc_column_inner offset=&#8221;vc_col-lg-6 vc_col-md-6&#8243;]<div id=\"ultimate-heading-59469f72c9a301fc\" class=\"uvc-heading ult-adjust-bottom-margin ultimate-heading-59469f72c9a301fc uvc-296 \" data-hspacer=\"no_spacer\"  data-halign=\"left\" style=\"text-align:left\"><div class=\"uvc-heading-spacer no_spacer\" style=\"top\"><\/div><div class=\"uvc-main-heading ult-responsive\"  data-ultimate-target='.uvc-heading.ultimate-heading-59469f72c9a301fc h2'  data-responsive-json-new='{\"font-size\":\"desktop:24px;\",\"line-height\":\"desktop:34px;\"}' ><h2 style=\"font-weight:bold;margin-bottom:20px;\">Solu\u00e7\u00f5es certas para sua empresa!<\/h2><\/div><div class=\"uvc-sub-heading ult-responsive\"  data-ultimate-target='.uvc-heading.ultimate-heading-59469f72c9a301fc .uvc-sub-heading '  data-responsive-json-new='{\"font-size\":\"\",\"line-height\":\"desktop:26px;\"}'  style=\"font-weight:normal;margin-bottom:20px;\"><\/p>\n<p style=\"text-align: justify;\">Qualidade, Efici\u00eancia, Tecnologia, Seguran\u00e7a, Criatividade, Economia e Agilidade s\u00e3o os principais diferenciais da <strong>E.J.E Oxicorte<\/strong>. Preocupados em atender cada vez melhor e dentro dos padr\u00f5es de qualidade cumprindo sempre com responsabilidade os nossos prazos de entrega.<br \/>\nA <strong>E.J.E OXICORTE<\/strong>, presta servi\u00e7os especializados em corte fogo e a frio <strong>(plasma com Tecnologia CNC)<\/strong><\/p>\n<p><\/div><\/div><style type=\"text\/css\" data-type=\"the7_shortcodes-inline-css\">#default-btn-1:not(:hover) {\n  background: #31417f !important;\n}\n.btn-3d #default-btn-1:not(:hover) {\n  border-bottom-color: #2b3147;\n}\n#default-btn-2:not(:hover) {\n  background: #31417f !important;\n}\n.btn-3d #default-btn-2:not(:hover) {\n  border-bottom-color: #2b3147;\n}\n<\/style><a href=\"http:\/\/ejeoxicorte.com.br\/site\/quem-somos\/\" class=\"default-btn-shortcode dt-btn dt-btn-m btn-inline-left  vc_custom_1557508361364\" id=\"default-btn-1\" style=\"width:180px;\" title=\"Empresa\"><span>Nossa Empresa<\/span><\/a><a href=\"http:\/\/ejeoxicorte.com.br\/site\/contato\/\" class=\"default-btn-shortcode dt-btn dt-btn-m anchor-link btn-inline-left  vc_custom_1557508399588\" id=\"default-btn-2\" style=\"width:180px;\" title=\"Contato\"><span>Contato<\/span><\/a>[\/vc_column_inner][vc_column_inner offset=&#8221;vc_col-lg-6 vc_col-md-6&#8243; css=&#8221;.vc_custom_1528510611985{margin-bottom: -20px !important;}&#8221;]<div class=\"shortcode-single-image-wrap alignnone  vc_custom_1557493488358\" ><div class=\"shortcode-single-image\"><div class=\"fancy-media-wrap layzr-bg\" style=\"\"><img class=\"lazy-load preload-me\" src=\"data:image\/svg+xml,%3Csvg%20xmlns%3D&#39;http%3A%2F%2Fwww.w3.org%2F2000%2Fsvg&#39;%20viewBox%3D&#39;0%200%20448%20268&#39;%2F%3E\" data-src=\"https:\/\/www.ejeoxicorte.com.br\/site\/wp-content\/uploads\/2019\/05\/fotoprinci-448x268.jpg\" data-srcset=\"https:\/\/www.ejeoxicorte.com.br\/site\/wp-content\/uploads\/2019\/05\/fotoprinci-448x268.jpg 448w\" width=\"448\" height=\"268\"  data-dt-location=\"https:\/\/www.ejeoxicorte.com.br\/site\/home\/fotoprinci\/\" style=\"\" alt=\"\" \/><\/div><\/div><\/div>[\/vc_column_inner][\/vc_row_inner][\/vc_column][\/vc_row][vc_row equal_height=&#8221;yes&#8221; bg_type=&#8221;grad&#8221; bg_override=&#8221;ex-full&#8221; css=&#8221;.vc_custom_1557508084492{margin-top: -40px !important;padding-top: 40px !important;padding-bottom: 30px !important;}&#8221; bg_grad=&#8221;background: -webkit-gradient(linear, left top, left bottom, color-stop(0%, #031417), color-stop(100%, #000000));background: -moz-linear-gradient(left,#031417 0%,#000000 100%);background: -webkit-linear-gradient(left,#031417 0%,#000000 100%);background: -o-linear-gradient(left,#031417 0%,#000000 100%);background: -ms-linear-gradient(left,#031417 0%,#000000 100%);background: linear-gradient(left,#031417 0%,#000000 100%);&#8221;][vc_column width=&#8221;1\/2&#8243; css=&#8221;.vc_custom_1528896626320{margin-top: 5px !important;}&#8221;]<div id=\"ultimate-heading-598569f72c9a32985\" class=\"uvc-heading ult-adjust-bottom-margin ultimate-heading-598569f72c9a32985 uvc-7463 \" data-hspacer=\"no_spacer\"  data-halign=\"center\" style=\"text-align:center\"><div class=\"uvc-heading-spacer no_spacer\" style=\"top\"><\/div><div class=\"uvc-main-heading ult-responsive\"  data-ultimate-target='.uvc-heading.ultimate-heading-598569f72c9a32985 h2'  data-responsive-json-new='{\"font-size\":\"desktop:32px;tablet:24px;\",\"line-height\":\"desktop:42px;tablet:34px;\"}' ><h2 style=\"font-weight:bold;color:rgba(255,255,255,0.5);\">Entre em contato com nossos profissionais e solicite informa\u00e7\u00f5es:<\/h2><\/div><\/div>[\/vc_column][vc_column offset=&#8221;vc_col-lg-6 vc_col-md-6&#8243;][vc_column_text]<img loading=\"lazy\" class=\"wp-image-1955 size-medium alignleft\" src=\"http:\/\/ejeoxicorte.com.br\/site\/wp-content\/uploads\/2019\/05\/telefonepng-300x111.png\" alt=\"\" width=\"300\" height=\"111\" srcset=\"https:\/\/www.ejeoxicorte.com.br\/site\/wp-content\/uploads\/2019\/05\/telefonepng-300x111.png 300w, https:\/\/www.ejeoxicorte.com.br\/site\/wp-content\/uploads\/2019\/05\/telefonepng.png 420w\" sizes=\"(max-width: 300px) 100vw, 300px\" \/>[\/vc_column_text][\/vc_column][vc_column offset=&#8221;vc_hidden-lg vc_hidden-md&#8221; css=&#8221;.vc_custom_1528510737880{margin-bottom: -40px !important;}&#8221;][\/vc_column][\/vc_row][vc_row bg_type=&#8221;bg_color&#8221; bg_override=&#8221;ex-full&#8221; css=&#8221;.vc_custom_1528510782165{padding-top: 80px !important;padding-bottom: 50px !important;}&#8221; bg_color_value=&#8221;#efefef&#8221;][vc_column][vc_row_inner equal_height=&#8221;yes&#8221;][vc_column_inner offset=&#8221;vc_col-lg-offset-2 vc_col-lg-8 vc_col-md-offset-1 vc_col-md-10 vc_col-sm-offset-0&#8243; css=&#8221;.vc_custom_1528510844993{margin-top: -60px !important;}&#8221;][vc_empty_space]<div id=\"ultimate-heading-552669f72c9a32a75\" class=\"uvc-heading ult-adjust-bottom-margin ultimate-heading-552669f72c9a32a75 uvc-7080 accent-border-color accent-icon-color\" data-hspacer=\"line_with_icon\" data-hline_width=\"150\" data-hicon_type=\"selector\" data-hborder_style=\"solid\" data-hborder_height=\"3\" data-hborder_color=\"#31417f\" data-icon_width=\"18\" data-hfixer=\"10\"  data-halign=\"center\" style=\"text-align:center\"><div class=\"uvc-main-heading ult-responsive\"  data-ultimate-target='.uvc-heading.ultimate-heading-552669f72c9a32a75 h2'  data-responsive-json-new='{\"font-size\":\"desktop:40px;mobile_landscape:30px;\",\"line-height\":\"desktop:50px;mobile_landscape:40px;\"}' ><h2 style=\"font-weight:bold;\">Nosso Diferencial<\/h2><\/div><div class=\"uvc-heading-spacer line_with_icon\" style=\"margin-bottom:30px;height:18px;\"><div class=\"ult-just-icon-wrapper  \"><div class=\"align-icon\" style=\"text-align:center;\">\n<div class=\"aio-icon none \"  style=\"font-size:18px;display:inline-block;\">\n\t<i class=\"icomoon-font-awesome-14x14-chevron-down\"><\/i>\n<\/div><\/div><\/div><\/div><div class=\"uvc-sub-heading ult-responsive\"  data-ultimate-target='.uvc-heading.ultimate-heading-552669f72c9a32a75 .uvc-sub-heading '  data-responsive-json-new='{\"font-size\":\"desktop:22px;\",\"line-height\":\"desktop:34px;\"}'  style=\"font-weight:normal;margin-bottom:60px;\"><\/p>\n<p style=\"text-align: center;\">Somos diferenciados no mercado por oferecer chapas de a\u00e7o carbono cortadas com ou sem liga e sob medida.<\/p>\n<p><\/div><\/div>[\/vc_column_inner][vc_column_inner width=&#8221;1\/2&#8243; css=&#8221;.vc_custom_1516621923314{padding-bottom: 50px !important;}&#8221; offset=&#8221;vc_col-lg-4 vc_col-md-4&#8243;]<div class=\"aio-icon-component  vc_custom_1582897473576  accent-border-color accent-icon-bg style_1\"><div id=\"Info-box-wrap-6111\" class=\"aio-icon-box default-icon\" style=\"\"  ><div class=\"aio-icon-default\"><div class=\"ult-just-icon-wrapper  \"><div class=\"align-icon\" style=\"text-align:center;\">\n<div class=\"aio-icon advanced \"  style=\"color:#ffffff;border-style:;border-color:#333333;border-width:1px;width:50px;height:50px;line-height:50px;border-radius:500px;font-size:24px;display:inline-block;\">\n\t<i class=\"Defaults-certificate\"><\/i>\n<\/div><\/div><\/div><\/div><div class=\"aio-icon-header\" ><h3 class=\"aio-icon-title ult-responsive\"  data-ultimate-target='#Info-box-wrap-6111 .aio-icon-title'  data-responsive-json-new='{\"font-size\":\"desktop:24px;\",\"line-height\":\"desktop:34px;\"}'  style=\"font-weight:bold;\">Precis\u00e3o em cortes<\/h3><\/div> <!-- header --><div class=\"aio-icon-description ult-responsive\"  data-ultimate-target='#Info-box-wrap-6111 .aio-icon-description'  data-responsive-json-new='{\"font-size\":\"\",\"line-height\":\"\"}'  style=\"\"><\/p>\n<p style=\"text-align: justify;\">Oxicorte em discos, an\u00e9is, ret\u00e2ngulos, flanges, sob desenhos, amostras etc.<\/p>\n<p><\/div> <!-- description --><\/div> <!-- aio-icon-box --><\/div> <!-- aio-icon-component -->[\/vc_column_inner][vc_column_inner width=&#8221;1\/2&#8243; css=&#8221;.vc_custom_1516621932071{padding-bottom: 50px !important;}&#8221; offset=&#8221;vc_col-lg-4 vc_col-md-4&#8243;]<div class=\"aio-icon-component  vc_custom_1557496602595  accent-border-color accent-icon-bg style_1\"><div id=\"Info-box-wrap-2003\" class=\"aio-icon-box default-icon\" style=\"\"  ><div class=\"aio-icon-default\"><div class=\"ult-just-icon-wrapper  \"><div class=\"align-icon\" style=\"text-align:center;\">\n<div class=\"aio-icon advanced \"  style=\"color:#ffffff;border-style:;border-color:#333333;border-width:1px;width:50px;height:50px;line-height:50px;border-radius:500px;font-size:24px;display:inline-block;\">\n\t<i class=\"Defaults-fire\"><\/i>\n<\/div><\/div><\/div><\/div><div class=\"aio-icon-header\" ><h3 class=\"aio-icon-title ult-responsive\"  data-ultimate-target='#Info-box-wrap-2003 .aio-icon-title'  data-responsive-json-new='{\"font-size\":\"desktop:24px;\",\"line-height\":\"desktop:34px;\"}'  style=\"font-weight:bold;\">Tipo de Cortes<\/h3><\/div> <!-- header --><div class=\"aio-icon-description ult-responsive\"  data-ultimate-target='#Info-box-wrap-2003 .aio-icon-description'  data-responsive-json-new='{\"font-size\":\"\",\"line-height\":\"\"}'  style=\"\"><\/p>\n<p style=\"text-align: justify;\">Executamos servi\u00e7os de corte a frio, a fogo e servi\u00e7os de m\u00e3o de obra.<\/p>\n<p><\/div> <!-- description --><\/div> <!-- aio-icon-box --><\/div> <!-- aio-icon-component -->[\/vc_column_inner][vc_column_inner width=&#8221;1\/2&#8243; css=&#8221;.vc_custom_1516621943082{padding-bottom: 50px !important;}&#8221; offset=&#8221;vc_col-lg-4 vc_col-md-4&#8243;]<div class=\"aio-icon-component  vc_custom_1582897498463  accent-border-color accent-icon-bg style_1\"><div id=\"Info-box-wrap-4794\" class=\"aio-icon-box default-icon\" style=\"\"  ><div class=\"aio-icon-default\"><div class=\"ult-just-icon-wrapper  \"><div class=\"align-icon\" style=\"text-align:center;\">\n<div class=\"aio-icon advanced \"  style=\"color:#ffffff;border-style:;border-color:#333333;border-width:1px;width:50px;height:50px;line-height:50px;border-radius:500px;font-size:24px;display:inline-block;\">\n\t<i class=\"icomoon-font-awesome-14x14-signal\"><\/i>\n<\/div><\/div><\/div><\/div><div class=\"aio-icon-header\" ><h3 class=\"aio-icon-title ult-responsive\"  data-ultimate-target='#Info-box-wrap-4794 .aio-icon-title'  data-responsive-json-new='{\"font-size\":\"desktop:24px;\",\"line-height\":\"desktop:34px;\"}'  style=\"font-weight:bold;\">Capacidade<\/h3><\/div> <!-- header --><div class=\"aio-icon-description ult-responsive\"  data-ultimate-target='#Info-box-wrap-4794 .aio-icon-description'  data-responsive-json-new='{\"font-size\":\"\",\"line-height\":\"\"}'  style=\"\"><\/p>\n<p style=\"text-align: justify;\">Trabalhamos com especifica\u00e7\u00f5es e capacidade de corte 1 mm at\u00e9 10&#8243; e tarugos.<\/p>\n<p><\/div> <!-- description --><\/div> <!-- aio-icon-box --><\/div> <!-- aio-icon-component -->[\/vc_column_inner][vc_column_inner width=&#8221;1\/2&#8243; css=&#8221;.vc_custom_1516621953145{padding-bottom: 50px !important;}&#8221; offset=&#8221;vc_col-lg-4 vc_col-md-4&#8243;]<div class=\"aio-icon-component  vc_custom_1557497018269  accent-border-color accent-icon-bg style_1\"><div id=\"Info-box-wrap-8460\" class=\"aio-icon-box default-icon\" style=\"\"  ><div class=\"aio-icon-default\"><div class=\"ult-just-icon-wrapper  \"><div class=\"align-icon\" style=\"text-align:center;\">\n<div class=\"aio-icon advanced \"  style=\"color:#ffffff;border-style:;border-color:#333333;border-width:1px;width:50px;height:50px;line-height:50px;border-radius:500px;font-size:24px;display:inline-block;\">\n\t<i class=\"icomoon-font-awesome-14x14-cubes\"><\/i>\n<\/div><\/div><\/div><\/div><div class=\"aio-icon-header\" ><h3 class=\"aio-icon-title ult-responsive\"  data-ultimate-target='#Info-box-wrap-8460 .aio-icon-title'  data-responsive-json-new='{\"font-size\":\"desktop:24px;\",\"line-height\":\"desktop:34px;\"}'  style=\"font-weight:bold;\">Diferentes Tamanhos<\/h3><\/div> <!-- header --><div class=\"aio-icon-description ult-responsive\"  data-ultimate-target='#Info-box-wrap-8460 .aio-icon-description'  data-responsive-json-new='{\"font-size\":\"\",\"line-height\":\"\"}'  style=\"\"><\/p>\n<p style=\"text-justify: right;\">Chapas cortadas em qualquer tamanho de acordo com a necessidade do projeto.<\/p>\n<p><\/div> <!-- description --><\/div> <!-- aio-icon-box --><\/div> <!-- aio-icon-component -->[\/vc_column_inner][vc_column_inner width=&#8221;1\/2&#8243; css=&#8221;.vc_custom_1516621959442{padding-bottom: 50px !important;}&#8221; offset=&#8221;vc_col-lg-4 vc_col-md-4&#8243;]<div class=\"aio-icon-component  vc_custom_1557497069890  accent-border-color accent-icon-bg style_1\"><div id=\"Info-box-wrap-4033\" class=\"aio-icon-box default-icon\" style=\"\"  ><div class=\"aio-icon-default\"><div class=\"ult-just-icon-wrapper  \"><div class=\"align-icon\" style=\"text-align:center;\">\n<div class=\"aio-icon advanced \"  style=\"color:#ffffff;border-style:;border-color:#333333;border-width:1px;width:50px;height:50px;line-height:50px;border-radius:500px;font-size:24px;display:inline-block;\">\n\t<i class=\"Defaults-check-square-o\"><\/i>\n<\/div><\/div><\/div><\/div><div class=\"aio-icon-header\" ><h3 class=\"aio-icon-title ult-responsive\"  data-ultimate-target='#Info-box-wrap-4033 .aio-icon-title'  data-responsive-json-new='{\"font-size\":\"desktop:24px;\",\"line-height\":\"desktop:34px;\"}'  style=\"font-weight:bold;\">Varia\u00e7\u00f5es de Servi\u00e7os<\/h3><\/div> <!-- header --><div class=\"aio-icon-description ult-responsive\"  data-ultimate-target='#Info-box-wrap-4033 .aio-icon-description'  data-responsive-json-new='{\"font-size\":\"\",\"line-height\":\"\"}'  style=\"\"><\/p>\n<p style=\"text-align: justify;\">Pant\u00f3grafo, foto c\u00e9lula, ma\u00e7arico e guilhotina com capacidade de corte nas espessuras de 0,30 mm at\u00e9 3\/16&#8243; no comprimento at\u00e9 2 metros.<\/p>\n<p><\/div> <!-- description --><\/div> <!-- aio-icon-box --><\/div> <!-- aio-icon-component -->[\/vc_column_inner][vc_column_inner width=&#8221;1\/2&#8243; css=&#8221;.vc_custom_1516621969242{padding-bottom: 50px !important;}&#8221; offset=&#8221;vc_col-lg-4 vc_col-md-4&#8243;]<div class=\"aio-icon-component  vc_custom_1557497123717  accent-border-color accent-icon-bg style_1\"><div id=\"Info-box-wrap-8803\" class=\"aio-icon-box default-icon\" style=\"\"  ><div class=\"aio-icon-default\"><div class=\"ult-just-icon-wrapper  \"><div class=\"align-icon\" style=\"text-align:center;\">\n<div class=\"aio-icon advanced \"  style=\"color:#ffffff;border-style:;border-color:#333333;border-width:1px;width:50px;height:50px;line-height:50px;border-radius:500px;font-size:24px;display:inline-block;\">\n\t<i class=\"icomoon-font-awesome-14x14-thumbs-up\"><\/i>\n<\/div><\/div><\/div><\/div><div class=\"aio-icon-header\" ><h3 class=\"aio-icon-title ult-responsive\"  data-ultimate-target='#Info-box-wrap-8803 .aio-icon-title'  data-responsive-json-new='{\"font-size\":\"desktop:24px;\",\"line-height\":\"desktop:34px;\"}'  style=\"font-weight:bold;\">Organiza\u00e7\u00e3o e Qualidade<\/h3><\/div> <!-- header --><div class=\"aio-icon-description ult-responsive\"  data-ultimate-target='#Info-box-wrap-8803 .aio-icon-description'  data-responsive-json-new='{\"font-size\":\"\",\"line-height\":\"\"}'  style=\"\">Processo empregado no corte preciso de materiais met\u00e1licos, sendo muito comum no setor industrial.<\/div> <!-- description --><\/div> <!-- aio-icon-box --><\/div> <!-- aio-icon-component -->[\/vc_column_inner][\/vc_row_inner][\/vc_column][\/vc_row]<\/p>\n","protected":false},"excerpt":{"rendered":"<p>[vc_row css=&#8221;.vc_custom_1509351079558{padding-top: 80px !important;padding-bottom: 100px !important;}&#8221; el_id=&#8221;about&#8221;][vc_column][vc_row_inner content_placement=&#8221;middle&#8221;][vc_column_inner css=&#8221;.vc_custom_1515176114270{padding-bottom: 60px !important;}&#8221; offset=&#8221;vc_col-lg-offset-2 vc_col-lg-8 vc_col-md-offset-1 vc_col-md-10 vc_col-sm-offset-0&#8243;][\/vc_column_inner][vc_column_inner offset=&#8221;vc_col-lg-6 vc_col-md-6&#8243;][\/vc_column_inner][vc_column_inner offset=&#8221;vc_col-lg-6 vc_col-md-6&#8243; css=&#8221;.vc_custom_1528510611985{margin-bottom: -20px !important;}&#8221;][\/vc_column_inner][\/vc_row_inner][\/vc_column][\/vc_row][vc_row equal_height=&#8221;yes&#8221; bg_type=&#8221;grad&#8221; bg_override=&#8221;ex-full&#8221; css=&#8221;.vc_custom_1557508084492{margin-top: -40px !important;padding-top: 40px !important;padding-bottom: 30px !important;}&#8221; bg_grad=&#8221;background: -webkit-gradient(linear, left top, left bottom, color-stop(0%, #031417), color-stop(100%, #000000));background: -moz-linear-gradient(left,#031417 0%,#000000 100%);background: -webkit-linear-gradient(left,#031417 0%,#000000 100%);background: -o-linear-gradient(left,#031417 0%,#000000 100%);background: -ms-linear-gradient(left,#031417 0%,#000000 100%);background:&hellip;<\/p>\n","protected":false},"author":2,"featured_media":0,"parent":0,"menu_order":0,"comment_status":"closed","ping_status":"closed","template":"","meta":[],"yoast_head":"<!-- This site is optimized with the Yoast SEO plugin v14.4.1 - https:\/\/yoast.com\/wordpress\/plugins\/seo\/ -->\n<title>Oxicorte, plasma em S\u00e3o Paulo Capital - ejeoxicorte<\/title>\n<meta name=\"description\" content=\"Precsao, Qualidade, Efici\u00eancia, Tecnologia, Seguran\u00e7a, Criatividade, Economia e Agilidade s\u00e3o os principais diferenciais da E.J.E Oxicorte. Preocupados em atender cada vez melhor e dentro dos padr\u00f5es de qualidade cumprindo sempre com responsabilidade os nossos prazos de entrega.\" \/>\n<meta name=\"robots\" content=\"index, follow\" \/>\n<meta name=\"googlebot\" content=\"index, follow, max-snippet:-1, max-image-preview:large, max-video-preview:-1\" \/>\n<meta name=\"bingbot\" content=\"index, follow, max-snippet:-1, max-image-preview:large, max-video-preview:-1\" \/>\n<link rel=\"canonical\" href=\"https:\/\/www.ejeoxicorte.com.br\/site\/\" \/>\n<meta property=\"og:locale\" content=\"pt_BR\" \/>\n<meta property=\"og:type\" content=\"article\" \/>\n<meta property=\"og:title\" content=\"Oxicorte, plasma em S\u00e3o Paulo Capital - ejeoxicorte\" \/>\n<meta property=\"og:description\" content=\"Precsao, Qualidade, Efici\u00eancia, Tecnologia, Seguran\u00e7a, Criatividade, Economia e Agilidade s\u00e3o os principais diferenciais da E.J.E Oxicorte. Preocupados em atender cada vez melhor e dentro dos padr\u00f5es de qualidade cumprindo sempre com responsabilidade os nossos prazos de entrega.\" \/>\n<meta property=\"og:url\" content=\"https:\/\/www.ejeoxicorte.com.br\/site\/\" \/>\n<meta property=\"og:site_name\" content=\"EJE Oxicorte - Qualidade e Profissionalismo\" \/>\n<meta property=\"article:publisher\" content=\"https:\/\/www.facebook.com\/EJE-Oxicorte-2026155464353324\/\" \/>\n<meta property=\"article:modified_time\" content=\"2020-03-31T16:51:43+00:00\" \/>\n<meta property=\"og:image\" content=\"http:\/\/ejeoxicorte.com.br\/site\/wp-content\/uploads\/2019\/05\/telefonepng-300x111.png\" \/>\n<meta name=\"twitter:card\" content=\"summary_large_image\" \/>\n<script type=\"application\/ld+json\" class=\"yoast-schema-graph\">{\"@context\":\"https:\/\/schema.org\",\"@graph\":[{\"@type\":\"Organization\",\"@id\":\"https:\/\/www.ejeoxicorte.com.br\/site\/#organization\",\"name\":\"EJE OXICORTE - PRECIS\\u00c3O, QUALIDADE E ENTREGA\",\"url\":\"https:\/\/www.ejeoxicorte.com.br\/site\/\",\"sameAs\":[\"https:\/\/www.facebook.com\/EJE-Oxicorte-2026155464353324\/\"],\"logo\":{\"@type\":\"ImageObject\",\"@id\":\"https:\/\/www.ejeoxicorte.com.br\/site\/#logo\",\"inLanguage\":\"pt-BR\",\"url\":\"https:\/\/www.ejeoxicorte.com.br\/site\/wp-content\/uploads\/2019\/05\/logoflutuante2.png\",\"width\":204,\"height\":70,\"caption\":\"EJE OXICORTE - PRECIS\\u00c3O, QUALIDADE E ENTREGA\"},\"image\":{\"@id\":\"https:\/\/www.ejeoxicorte.com.br\/site\/#logo\"}},{\"@type\":\"WebSite\",\"@id\":\"https:\/\/www.ejeoxicorte.com.br\/site\/#website\",\"url\":\"https:\/\/www.ejeoxicorte.com.br\/site\/\",\"name\":\"EJE- OXICORTE\",\"description\":\"EJE Oxicorte - Qualidade e Profissionalismo\",\"publisher\":{\"@id\":\"https:\/\/www.ejeoxicorte.com.br\/site\/#organization\"},\"potentialAction\":[{\"@type\":\"SearchAction\",\"target\":\"https:\/\/www.ejeoxicorte.com.br\/site\/?s={search_term_string}\",\"query-input\":\"required name=search_term_string\"}],\"inLanguage\":\"pt-BR\"},{\"@type\":\"ImageObject\",\"@id\":\"https:\/\/www.ejeoxicorte.com.br\/site\/#primaryimage\",\"inLanguage\":\"pt-BR\",\"url\":\"http:\/\/ejeoxicorte.com.br\/site\/wp-content\/uploads\/2019\/05\/telefonepng-300x111.png\"},{\"@type\":\"WebPage\",\"@id\":\"https:\/\/www.ejeoxicorte.com.br\/site\/#webpage\",\"url\":\"https:\/\/www.ejeoxicorte.com.br\/site\/\",\"name\":\"Oxicorte, plasma em S\\u00e3o Paulo Capital - ejeoxicorte\",\"isPartOf\":{\"@id\":\"https:\/\/www.ejeoxicorte.com.br\/site\/#website\"},\"primaryImageOfPage\":{\"@id\":\"https:\/\/www.ejeoxicorte.com.br\/site\/#primaryimage\"},\"datePublished\":\"2017-10-27T12:02:22+00:00\",\"dateModified\":\"2020-03-31T16:51:43+00:00\",\"description\":\"Precsao, Qualidade, Efici\\u00eancia, Tecnologia, Seguran\\u00e7a, Criatividade, Economia e Agilidade s\\u00e3o os principais diferenciais da E.J.E Oxicorte. Preocupados em atender cada vez melhor e dentro dos padr\\u00f5es de qualidade cumprindo sempre com responsabilidade os nossos prazos de entrega.\",\"inLanguage\":\"pt-BR\",\"potentialAction\":[{\"@type\":\"ReadAction\",\"target\":[\"https:\/\/www.ejeoxicorte.com.br\/site\/\"]}]}]}<\/script>\n<!-- \/ Yoast SEO plugin. -->","_links":{"self":[{"href":"https:\/\/www.ejeoxicorte.com.br\/site\/wp-json\/wp\/v2\/pages\/416"}],"collection":[{"href":"https:\/\/www.ejeoxicorte.com.br\/site\/wp-json\/wp\/v2\/pages"}],"about":[{"href":"https:\/\/www.ejeoxicorte.com.br\/site\/wp-json\/wp\/v2\/types\/page"}],"author":[{"embeddable":true,"href":"https:\/\/www.ejeoxicorte.com.br\/site\/wp-json\/wp\/v2\/users\/2"}],"replies":[{"embeddable":true,"href":"https:\/\/www.ejeoxicorte.com.br\/site\/wp-json\/wp\/v2\/comments?post=416"}],"version-history":[{"count":90,"href":"https:\/\/www.ejeoxicorte.com.br\/site\/wp-json\/wp\/v2\/pages\/416\/revisions"}],"predecessor-version":[{"id":2063,"href":"https:\/\/www.ejeoxicorte.com.br\/site\/wp-json\/wp\/v2\/pages\/416\/revisions\/2063"}],"wp:attachment":[{"href":"https:\/\/www.ejeoxicorte.com.br\/site\/wp-json\/wp\/v2\/media?parent=416"}],"curies":[{"name":"wp","href":"https:\/\/api.w.org\/{rel}","templated":true}]}}