{"id":1963,"date":"2019-05-13T07:42:53","date_gmt":"2019-05-13T10:42:53","guid":{"rendered":"http:\/\/ejeoxicorte.com.br\/site\/?page_id=1963"},"modified":"2020-02-28T11:01:54","modified_gmt":"2020-02-28T14:01:54","slug":"servicos","status":"publish","type":"page","link":"https:\/\/www.ejeoxicorte.com.br\/site\/servicos\/","title":{"rendered":"Servi\u00e7os"},"content":{"rendered":"<p>[vc_row content_placement=&#8221;middle&#8221; css=&#8221;.vc_custom_1528578476085{padding-top: 80px !important;padding-bottom: 10px !important;}&#8221; el_id=&#8221;about&#8221;][vc_column offset=&#8221;vc_col-lg-6 vc_col-md-6&#8243; css=&#8221;.vc_custom_1515424178786{padding-bottom: 50px !important;}&#8221;]<div id=\"ultimate-heading-95069e7625ae547d\" class=\"uvc-heading ult-adjust-bottom-margin ultimate-heading-95069e7625ae547d uvc-4923 \" data-hspacer=\"no_spacer\"  data-halign=\"left\" style=\"text-align:left\"><div class=\"uvc-heading-spacer no_spacer\" style=\"top\"><\/div><div class=\"uvc-main-heading ult-responsive\"  data-ultimate-target='.uvc-heading.ultimate-heading-95069e7625ae547d h2'  data-responsive-json-new='{\"font-size\":\"desktop:30px;\",\"line-height\":\"desktop:40px;\"}' ><h2 style=\"font-weight:bold;margin-bottom:20px;\">Nossos Servi\u00e7os<\/h2><\/div><div class=\"uvc-sub-heading ult-responsive\"  data-ultimate-target='.uvc-heading.ultimate-heading-95069e7625ae547d .uvc-sub-heading '  data-responsive-json-new='{\"font-size\":\"\",\"line-height\":\"desktop:26px;\"}'  style=\"font-weight:normal;margin-bottom:20px;\"><\/p>\n<p style=\"text-align: Justify;\">A<strong> E.J.E. OXICORTE<\/strong> presta servi\u00e7os especializados em corte plasma com tecnologia CNC de chapas em a\u00e7o carbono at\u00e9 5\/8\u201d e inox 12 mm em ret\u00e2ngulos, discos e modelos, oxicorte em fotoc\u00e9lula at\u00e9 101 mm. Trabalhamos com qualidade e agilidade cumprindo prazo de entrega al\u00e9m de contar com um amplo estoque.<\/p>\n<p>Dentre as suas vantagens est\u00e3o o aumento de produtividade, diminui\u00e7\u00e3o do tempo gasto na produ\u00e7\u00e3o e corte de forma padronizada. O processo empregado no corte preciso de materiais met\u00e1licos, sendo muito comum no setor industrial.<\/div><\/div>[\/vc_column][vc_column width=&#8221;2\/3&#8243; offset=&#8221;vc_col-lg-offset-0 vc_col-lg-6 vc_col-md-offset-0 vc_col-md-6 vc_col-sm-offset-2&#8243; css=&#8221;.vc_custom_1515424193637{padding-bottom: 50px !important;}&#8221;]<div class=\"shortcode-single-image-wrap alignnone \" style=\"margin-top:0px; margin-bottom:0px; margin-left:0px; margin-right:0px; width:1000px;\"><div class=\"shortcode-single-image\"><div class=\"fancy-media-wrap layzr-bg\" style=\"\"><img class=\"lazy-load preload-me\" src=\"data:image\/svg+xml,%3Csvg%20xmlns%3D&#39;http%3A%2F%2Fwww.w3.org%2F2000%2Fsvg&#39;%20viewBox%3D&#39;0%200%20427%20299&#39;%2F%3E\" data-src=\"https:\/\/www.ejeoxicorte.com.br\/site\/wp-content\/uploads\/2019\/05\/fotoserv2-427x299.jpg\" data-srcset=\"https:\/\/www.ejeoxicorte.com.br\/site\/wp-content\/uploads\/2019\/05\/fotoserv2-427x299.jpg 427w\" width=\"427\" height=\"299\"  data-dt-location=\"https:\/\/www.ejeoxicorte.com.br\/site\/servicos\/fotoserv2\/\" style=\"\" alt=\"\" \/><\/div><\/div><\/div>[\/vc_column][\/vc_row][vc_row][vc_column width=&#8221;1\/3&#8243;]<div class=\"aio-icon-component   accent-border-color accent-icon-bg style_1\"><div id=\"Info-box-wrap-8448\" class=\"aio-icon-box default-icon\" style=\"\"  ><div class=\"aio-icon-default\"><div class=\"ult-just-icon-wrapper  \"><div class=\"align-icon\" style=\"text-align:center;\">\n<div class=\"aio-icon advanced \"  style=\"color:#ffffff;background:#ffffff;border-style:;border-color:#333333;border-width:1px;width:50px;height:50px;line-height:50px;border-radius:500px;font-size:24px;display:inline-block;\">\n\t<i class=\"Defaults-certificate\"><\/i>\n<\/div><\/div><\/div><\/div><div class=\"aio-icon-header\" ><h3 class=\"aio-icon-title ult-responsive\"  data-ultimate-target='#Info-box-wrap-8448 .aio-icon-title'  data-responsive-json-new='{\"font-size\":\"\",\"line-height\":\"\"}'  style=\"\">Vantagens<\/h3><\/div> <!-- header --><div class=\"aio-icon-description ult-responsive\"  data-ultimate-target='#Info-box-wrap-8448 .aio-icon-description'  data-responsive-json-new='{\"font-size\":\"\",\"line-height\":\"\"}'  style=\"\"><\/p>\n<p class=\"direction-ltr align-start para-style-body\">Trabalhamos com cortes padronizados dispensando a prepara\u00e7\u00e3o pr\u00e9via com uma \u00f3tima produtividade, facilitando a opera\u00e7\u00e3o e boa rela\u00e7\u00e3o de custo.<\/p>\n<p><\/div> <!-- description --><\/div> <!-- aio-icon-box --><\/div> <!-- aio-icon-component -->[\/vc_column][vc_column width=&#8221;1\/3&#8243;]<div class=\"aio-icon-component   accent-border-color accent-icon-bg style_1\"><div id=\"Info-box-wrap-9042\" class=\"aio-icon-box default-icon\" style=\"\"  ><div class=\"aio-icon-default\"><div class=\"ult-just-icon-wrapper  \"><div class=\"align-icon\" style=\"text-align:center;\">\n<div class=\"aio-icon advanced \"  style=\"color:#ffffff;background:#ffffff;border-style:;border-color:#333333;border-width:1px;width:50px;height:50px;line-height:50px;border-radius:500px;font-size:24px;display:inline-block;\">\n\t<i class=\"Defaults-thumbs-up\"><\/i>\n<\/div><\/div><\/div><\/div><div class=\"aio-icon-header\" ><h3 class=\"aio-icon-title ult-responsive\"  data-ultimate-target='#Info-box-wrap-9042 .aio-icon-title'  data-responsive-json-new='{\"font-size\":\"\",\"line-height\":\"\"}'  style=\"\">Diferencial<\/h3><\/div> <!-- header --><div class=\"aio-icon-description ult-responsive\"  data-ultimate-target='#Info-box-wrap-9042 .aio-icon-description'  data-responsive-json-new='{\"font-size\":\"\",\"line-height\":\"\"}'  style=\"\"><\/p>\n<p style=\"text-align: justify;\">Somos capacitados para desenvolver produtos com tecnologia e que exijam uma equipe de engenharia e especialistas.<\/p>\n<p><\/div> <!-- description --><\/div> <!-- aio-icon-box --><\/div> <!-- aio-icon-component -->[\/vc_column][vc_column width=&#8221;1\/3&#8243;]<div class=\"aio-icon-component   accent-border-color accent-icon-bg style_1\"><div id=\"Info-box-wrap-8290\" class=\"aio-icon-box default-icon\" style=\"\"  ><div class=\"aio-icon-default\"><div class=\"ult-just-icon-wrapper  \"><div class=\"align-icon\" style=\"text-align:center;\">\n<div class=\"aio-icon advanced \"  style=\"color:#ffffff;background:#ffffff;border-style:;border-color:#333333;border-width:1px;width:50px;height:50px;line-height:50px;border-radius:500px;font-size:24px;display:inline-block;\">\n\t<i class=\"Defaults-check\"><\/i>\n<\/div><\/div><\/div><\/div><div class=\"aio-icon-header\" ><h3 class=\"aio-icon-title ult-responsive\"  data-ultimate-target='#Info-box-wrap-8290 .aio-icon-title'  data-responsive-json-new='{\"font-size\":\"\",\"line-height\":\"\"}'  style=\"\">Produtividade<\/h3><\/div> <!-- header --><div class=\"aio-icon-description ult-responsive\"  data-ultimate-target='#Info-box-wrap-8290 .aio-icon-description'  data-responsive-json-new='{\"font-size\":\"\",\"line-height\":\"\"}'  style=\"\">O desperd\u00edcio de material resultante do corte \u00e9 muito reduzido, e por sua vez, n\u00e3o existe a necessidade de se efetuar um tratamento posterior ao mesmo.<\/div> <!-- description --><\/div> <!-- aio-icon-box --><\/div> <!-- aio-icon-component -->[\/vc_column][\/vc_row][vc_row][vc_column][vc_column_text css_animation=&#8221;fadeIn&#8221;]<\/p>\n\n\t\t\t<style type='text\/css'>\n\t\t\t\t#gallery-1 {\n\t\t\t\t\tmargin: auto;\n\t\t\t\t}\n\t\t\t\t#gallery-1 .gallery-item {\n\t\t\t\t\tfloat: left;\n\t\t\t\t\tmargin-top: 10px;\n\t\t\t\t\ttext-align: center;\n\t\t\t\t\twidth: 20%;\n\t\t\t\t}\n\t\t\t\t#gallery-1 img {\n\t\t\t\t\tborder: 2px solid #cfcfcf;\n\t\t\t\t}\n\t\t\t\t#gallery-1 .gallery-caption {\n\t\t\t\t\tmargin-left: 0;\n\t\t\t\t}\n\t\t\t\t\/* see gallery_shortcode() in wp-includes\/media.php *\/\n\t\t\t<\/style>\n\t\t<div id='gallery-1' class='dt-gallery-container gallery galleryid-1963 gallery-columns-5 gallery-size-thumbnail'><dl class='gallery-item'>\n\t\t\t\t<dt class='gallery-icon landscape'>\n\t\t\t\t\t<a class='rollover rollover-zoom dt-pswp-item' title='Servi\u00e7os E.J.E' data-dt-img-description='' data-large_image_width='850' data-large_image_height = '478'  href='https:\/\/www.ejeoxicorte.com.br\/site\/wp-content\/uploads\/2019\/05\/laser_2-1.jpg'><img width=\"150\" height=\"150\" src=\"https:\/\/www.ejeoxicorte.com.br\/site\/wp-content\/uploads\/2019\/05\/laser_2-1-150x150.jpg\" class=\"attachment-thumbnail size-thumbnail\" alt=\"\" loading=\"lazy\" \/><\/a>\n\t\t\t\t<\/dt><\/dl><dl class='gallery-item'>\n\t\t\t\t<dt class='gallery-icon landscape'>\n\t\t\t\t\t<a class='rollover rollover-zoom dt-pswp-item' title='Servi\u00e7os E.J.E' data-dt-img-description='' data-large_image_width='1600' data-large_image_height = '1066'  href='https:\/\/www.ejeoxicorte.com.br\/site\/wp-content\/uploads\/2019\/05\/corteplasna01-2.jpg'><img width=\"150\" height=\"150\" src=\"https:\/\/www.ejeoxicorte.com.br\/site\/wp-content\/uploads\/2019\/05\/corteplasna01-2-150x150.jpg\" class=\"attachment-thumbnail size-thumbnail\" alt=\"\" loading=\"lazy\" \/><\/a>\n\t\t\t\t<\/dt><\/dl><dl class='gallery-item'>\n\t\t\t\t<dt class='gallery-icon landscape'>\n\t\t\t\t\t<a class='rollover rollover-zoom dt-pswp-item' title='Servi\u00e7os E.J.E' data-dt-img-description='' data-large_image_width='399' data-large_image_height = '320'  href='https:\/\/www.ejeoxicorte.com.br\/site\/wp-content\/uploads\/2019\/05\/corteplasna01-1.jpg'><img width=\"150\" height=\"150\" src=\"https:\/\/www.ejeoxicorte.com.br\/site\/wp-content\/uploads\/2019\/05\/corteplasna01-1-150x150.jpg\" class=\"attachment-thumbnail size-thumbnail\" alt=\"\" loading=\"lazy\" \/><\/a>\n\t\t\t\t<\/dt><\/dl><dl class='gallery-item'>\n\t\t\t\t<dt class='gallery-icon landscape'>\n\t\t\t\t\t<a class='rollover rollover-zoom dt-pswp-item' title='Servi\u00e7os E.J.E' data-dt-img-description='' data-large_image_width='1024' data-large_image_height = '768'  href='https:\/\/www.ejeoxicorte.com.br\/site\/wp-content\/uploads\/2019\/05\/ox023.jpg'><img width=\"150\" height=\"150\" src=\"https:\/\/www.ejeoxicorte.com.br\/site\/wp-content\/uploads\/2019\/05\/ox023-150x150.jpg\" class=\"attachment-thumbnail size-thumbnail\" alt=\"\" loading=\"lazy\" \/><\/a>\n\t\t\t\t<\/dt><\/dl><dl class='gallery-item'>\n\t\t\t\t<dt class='gallery-icon landscape'>\n\t\t\t\t\t<a class='rollover rollover-zoom dt-pswp-item' title='fotoserv2' data-dt-img-description='' data-large_image_width='448' data-large_image_height = '299'  href='https:\/\/www.ejeoxicorte.com.br\/site\/wp-content\/uploads\/2019\/05\/fotoserv2.jpg'><img width=\"150\" height=\"150\" src=\"https:\/\/www.ejeoxicorte.com.br\/site\/wp-content\/uploads\/2019\/05\/fotoserv2-150x150.jpg\" class=\"attachment-thumbnail size-thumbnail\" alt=\"\" loading=\"lazy\" \/><\/a>\n\t\t\t\t<\/dt><\/dl><br style=\"clear: both\" \/><dl class='gallery-item'>\n\t\t\t\t<dt class='gallery-icon landscape'>\n\t\t\t\t\t<a class='rollover rollover-zoom dt-pswp-item' title='Servi\u00e7os E.J.E' data-dt-img-description='' data-large_image_width='533' data-large_image_height = '399'  href='https:\/\/www.ejeoxicorte.com.br\/site\/wp-content\/uploads\/2019\/05\/Foto-3-1.jpg'><img width=\"150\" height=\"150\" src=\"https:\/\/www.ejeoxicorte.com.br\/site\/wp-content\/uploads\/2019\/05\/Foto-3-1-150x150.jpg\" class=\"attachment-thumbnail size-thumbnail\" alt=\"\" loading=\"lazy\" \/><\/a>\n\t\t\t\t<\/dt><\/dl><dl class='gallery-item'>\n\t\t\t\t<dt class='gallery-icon landscape'>\n\t\t\t\t\t<a class='rollover rollover-zoom dt-pswp-item' title='Servi\u00e7os E.J.E' data-dt-img-description='' data-large_image_width='533' data-large_image_height = '399'  href='https:\/\/www.ejeoxicorte.com.br\/site\/wp-content\/uploads\/2019\/05\/Foto-1-1.jpg'><img width=\"150\" height=\"150\" src=\"https:\/\/www.ejeoxicorte.com.br\/site\/wp-content\/uploads\/2019\/05\/Foto-1-1-150x150.jpg\" class=\"attachment-thumbnail size-thumbnail\" alt=\"\" loading=\"lazy\" \/><\/a>\n\t\t\t\t<\/dt><\/dl><dl class='gallery-item'>\n\t\t\t\t<dt class='gallery-icon landscape'>\n\t\t\t\t\t<a class='rollover rollover-zoom dt-pswp-item' title='Servi\u00e7os E.J.E' data-dt-img-description='' data-large_image_width='282' data-large_image_height = '178'  href='https:\/\/www.ejeoxicorte.com.br\/site\/wp-content\/uploads\/2019\/05\/images.jpg'><img width=\"150\" height=\"150\" src=\"https:\/\/www.ejeoxicorte.com.br\/site\/wp-content\/uploads\/2019\/05\/images-150x150.jpg\" class=\"attachment-thumbnail size-thumbnail\" alt=\"\" loading=\"lazy\" \/><\/a>\n\t\t\t\t<\/dt><\/dl><dl class='gallery-item'>\n\t\t\t\t<dt class='gallery-icon landscape'>\n\t\t\t\t\t<a class='rollover rollover-zoom dt-pswp-item' title='Servi\u00e7os E.J.E' data-dt-img-description='' data-large_image_width='320' data-large_image_height = '232'  href='https:\/\/www.ejeoxicorte.com.br\/site\/wp-content\/uploads\/2019\/05\/hypertherm-centricut.jpg'><img width=\"150\" height=\"150\" src=\"https:\/\/www.ejeoxicorte.com.br\/site\/wp-content\/uploads\/2019\/05\/hypertherm-centricut-150x150.jpg\" class=\"attachment-thumbnail size-thumbnail\" alt=\"\" loading=\"lazy\" \/><\/a>\n\t\t\t\t<\/dt><\/dl><dl class='gallery-item'>\n\t\t\t\t<dt class='gallery-icon landscape'>\n\t\t\t\t\t<a class='rollover rollover-zoom dt-pswp-item' title='Servi\u00e7os E.J.E' data-dt-img-description='' data-large_image_width='900' data-large_image_height = '600'  href='https:\/\/www.ejeoxicorte.com.br\/site\/wp-content\/uploads\/2019\/05\/ft_oxicnc_01.png'><img width=\"150\" height=\"150\" src=\"https:\/\/www.ejeoxicorte.com.br\/site\/wp-content\/uploads\/2019\/05\/ft_oxicnc_01-150x150.png\" class=\"attachment-thumbnail size-thumbnail\" alt=\"\" loading=\"lazy\" \/><\/a>\n\t\t\t\t<\/dt><\/dl><br style=\"clear: both\" \/>\n\t\t\t<\/div>\n\n<p>[\/vc_column_text][vc_empty_space][\/vc_column][\/vc_row]<\/p>\n","protected":false},"excerpt":{"rendered":"<p>[vc_row content_placement=&#8221;middle&#8221; css=&#8221;.vc_custom_1528578476085{padding-top: 80px !important;padding-bottom: 10px !important;}&#8221; el_id=&#8221;about&#8221;][vc_column offset=&#8221;vc_col-lg-6 vc_col-md-6&#8243; css=&#8221;.vc_custom_1515424178786{padding-bottom: 50px !important;}&#8221;][\/vc_column][vc_column width=&#8221;2\/3&#8243; offset=&#8221;vc_col-lg-offset-0 vc_col-lg-6 vc_col-md-offset-0 vc_col-md-6 vc_col-sm-offset-2&#8243; css=&#8221;.vc_custom_1515424193637{padding-bottom: 50px !important;}&#8221;][\/vc_column][\/vc_row][vc_row][vc_column width=&#8221;1\/3&#8243;][\/vc_column][vc_column width=&#8221;1\/3&#8243;][\/vc_column][vc_column width=&#8221;1\/3&#8243;][\/vc_column][\/vc_row][vc_row][vc_column][vc_column_text css_animation=&#8221;fadeIn&#8221;] [\/vc_column_text][vc_empty_space][\/vc_column][\/vc_row]<\/p>\n","protected":false},"author":2,"featured_media":0,"parent":0,"menu_order":20,"comment_status":"closed","ping_status":"closed","template":"","meta":[],"yoast_head":"<!-- This site is optimized with the Yoast SEO plugin v14.4.1 - https:\/\/yoast.com\/wordpress\/plugins\/seo\/ -->\n<title>Servi\u00e7o de Oxicorte, Plasma, Chapa em A\u00e7o Carbono, Discos em SP<\/title>\n<meta name=\"description\" content=\"ENCANTE SEUS CLIENTES.Projetos 100% personalizados com corte CNC de alta defini\u00e7\u00e3o. Atendemos:Metal\u00fargica Geral, Usinagem, Implementos Agr\u00edcolas, Sucroalcooleira, Industria Naval, Industria, Constru\u00e7\u00e3o Civil, Estamparia, Ferramentaria, Industria de Maquinas, Fabricantes de Aparelhos de Muscula\u00e7\u00e3o, Fabricante de Port\u00f5es, Auto Pe\u00e7as, Automobil\u00edstica , Caldeiraria Pesada, Constru\u00e7\u00e3o Civil, Estamparia, Ferramentaria.\" \/>\n<meta name=\"robots\" content=\"index, follow\" \/>\n<meta name=\"googlebot\" content=\"index, follow, max-snippet:-1, max-image-preview:large, max-video-preview:-1\" \/>\n<meta name=\"bingbot\" content=\"index, follow, max-snippet:-1, max-image-preview:large, max-video-preview:-1\" \/>\n<link rel=\"canonical\" href=\"https:\/\/www.ejeoxicorte.com.br\/site\/servicos\/\" \/>\n<meta property=\"og:locale\" content=\"pt_BR\" \/>\n<meta property=\"og:type\" content=\"article\" \/>\n<meta property=\"og:title\" content=\"Servi\u00e7o de Oxicorte, Plasma, Chapa em A\u00e7o Carbono, Discos em SP\" \/>\n<meta property=\"og:description\" content=\"ENCANTE SEUS CLIENTES.Projetos 100% personalizados com corte CNC de alta defini\u00e7\u00e3o. Atendemos:Metal\u00fargica Geral, Usinagem, Implementos Agr\u00edcolas, Sucroalcooleira, Industria Naval, Industria, Constru\u00e7\u00e3o Civil, Estamparia, Ferramentaria, Industria de Maquinas, Fabricantes de Aparelhos de Muscula\u00e7\u00e3o, Fabricante de Port\u00f5es, Auto Pe\u00e7as, Automobil\u00edstica , Caldeiraria Pesada, Constru\u00e7\u00e3o Civil, Estamparia, Ferramentaria.\" \/>\n<meta property=\"og:url\" content=\"https:\/\/www.ejeoxicorte.com.br\/site\/servicos\/\" \/>\n<meta property=\"og:site_name\" content=\"EJE Oxicorte - Qualidade e Profissionalismo\" \/>\n<meta property=\"article:publisher\" content=\"https:\/\/www.facebook.com\/EJE-Oxicorte-2026155464353324\/\" \/>\n<meta property=\"article:modified_time\" content=\"2020-02-28T14:01:54+00:00\" \/>\n<meta name=\"twitter:card\" content=\"summary_large_image\" \/>\n<script type=\"application\/ld+json\" class=\"yoast-schema-graph\">{\"@context\":\"https:\/\/schema.org\",\"@graph\":[{\"@type\":\"Organization\",\"@id\":\"https:\/\/www.ejeoxicorte.com.br\/site\/#organization\",\"name\":\"EJE OXICORTE - PRECIS\\u00c3O, QUALIDADE E ENTREGA\",\"url\":\"https:\/\/www.ejeoxicorte.com.br\/site\/\",\"sameAs\":[\"https:\/\/www.facebook.com\/EJE-Oxicorte-2026155464353324\/\"],\"logo\":{\"@type\":\"ImageObject\",\"@id\":\"https:\/\/www.ejeoxicorte.com.br\/site\/#logo\",\"inLanguage\":\"pt-BR\",\"url\":\"https:\/\/www.ejeoxicorte.com.br\/site\/wp-content\/uploads\/2019\/05\/logoflutuante2.png\",\"width\":204,\"height\":70,\"caption\":\"EJE OXICORTE - PRECIS\\u00c3O, QUALIDADE E ENTREGA\"},\"image\":{\"@id\":\"https:\/\/www.ejeoxicorte.com.br\/site\/#logo\"}},{\"@type\":\"WebSite\",\"@id\":\"https:\/\/www.ejeoxicorte.com.br\/site\/#website\",\"url\":\"https:\/\/www.ejeoxicorte.com.br\/site\/\",\"name\":\"EJE- OXICORTE\",\"description\":\"EJE Oxicorte - Qualidade e Profissionalismo\",\"publisher\":{\"@id\":\"https:\/\/www.ejeoxicorte.com.br\/site\/#organization\"},\"potentialAction\":[{\"@type\":\"SearchAction\",\"target\":\"https:\/\/www.ejeoxicorte.com.br\/site\/?s={search_term_string}\",\"query-input\":\"required name=search_term_string\"}],\"inLanguage\":\"pt-BR\"},{\"@type\":\"WebPage\",\"@id\":\"https:\/\/www.ejeoxicorte.com.br\/site\/servicos\/#webpage\",\"url\":\"https:\/\/www.ejeoxicorte.com.br\/site\/servicos\/\",\"name\":\"Servi\\u00e7o de Oxicorte, Plasma, Chapa em A\\u00e7o Carbono, Discos em SP\",\"isPartOf\":{\"@id\":\"https:\/\/www.ejeoxicorte.com.br\/site\/#website\"},\"datePublished\":\"2019-05-13T10:42:53+00:00\",\"dateModified\":\"2020-02-28T14:01:54+00:00\",\"description\":\"ENCANTE SEUS CLIENTES.Projetos 100% personalizados com corte CNC de alta defini\\u00e7\\u00e3o. Atendemos:Metal\\u00fargica Geral, Usinagem, Implementos Agr\\u00edcolas, Sucroalcooleira, Industria Naval, Industria, Constru\\u00e7\\u00e3o Civil, Estamparia, Ferramentaria, Industria de Maquinas, Fabricantes de Aparelhos de Muscula\\u00e7\\u00e3o, Fabricante de Port\\u00f5es, Auto Pe\\u00e7as, Automobil\\u00edstica , Caldeiraria Pesada, Constru\\u00e7\\u00e3o Civil, Estamparia, Ferramentaria.\",\"inLanguage\":\"pt-BR\",\"potentialAction\":[{\"@type\":\"ReadAction\",\"target\":[\"https:\/\/www.ejeoxicorte.com.br\/site\/servicos\/\"]}]}]}<\/script>\n<!-- \/ Yoast SEO plugin. -->","_links":{"self":[{"href":"https:\/\/www.ejeoxicorte.com.br\/site\/wp-json\/wp\/v2\/pages\/1963"}],"collection":[{"href":"https:\/\/www.ejeoxicorte.com.br\/site\/wp-json\/wp\/v2\/pages"}],"about":[{"href":"https:\/\/www.ejeoxicorte.com.br\/site\/wp-json\/wp\/v2\/types\/page"}],"author":[{"embeddable":true,"href":"https:\/\/www.ejeoxicorte.com.br\/site\/wp-json\/wp\/v2\/users\/2"}],"replies":[{"embeddable":true,"href":"https:\/\/www.ejeoxicorte.com.br\/site\/wp-json\/wp\/v2\/comments?post=1963"}],"version-history":[{"count":10,"href":"https:\/\/www.ejeoxicorte.com.br\/site\/wp-json\/wp\/v2\/pages\/1963\/revisions"}],"predecessor-version":[{"id":2050,"href":"https:\/\/www.ejeoxicorte.com.br\/site\/wp-json\/wp\/v2\/pages\/1963\/revisions\/2050"}],"wp:attachment":[{"href":"https:\/\/www.ejeoxicorte.com.br\/site\/wp-json\/wp\/v2\/media?parent=1963"}],"curies":[{"name":"wp","href":"https:\/\/api.w.org\/{rel}","templated":true}]}}