{"id":1080,"date":"2017-12-06T11:42:00","date_gmt":"2017-12-06T11:42:00","guid":{"rendered":"https:\/\/the7.io\/dental\/?page_id=1080"},"modified":"2020-04-02T15:16:59","modified_gmt":"2020-04-02T18:16:59","slug":"contato","status":"publish","type":"page","link":"https:\/\/www.ejeoxicorte.com.br\/site\/contato\/","title":{"rendered":"Contato"},"content":{"rendered":"<p>[vc_row equal_height=&#8221;yes&#8221; type=&#8221;vc_default&#8221; el_id=&#8221;menu_section&#8221; css=&#8221;.vc_custom_1515175073570{padding-bottom: 40px !important;}&#8221;][vc_column css=&#8221;.vc_custom_1515175022452{margin-right: 25px !important;margin-bottom: 50px !important;margin-left: 25px !important;padding-top: 45px !important;padding-right: 50px !important;padding-bottom: 40px !important;padding-left: 50px !important;background-color: #f7f7f7 !important;}&#8221; offset=&#8221;vc_col-lg-6 vc_col-md-6&#8243;]<div id=\"ultimate-heading-672169e76147c1387\" class=\"uvc-heading ult-adjust-bottom-margin ultimate-heading-672169e76147c1387 uvc-7088 \" data-hspacer=\"line_with_icon\" data-hline_width=\"150\" data-hicon_type=\"selector\" data-hborder_style=\"solid\" data-hborder_height=\"3\" data-hborder_color=\"#3db3ef\" data-icon_width=\"18\" data-hfixer=\"10\"  data-halign=\"center\" style=\"text-align:center\"><div class=\"uvc-main-heading ult-responsive\"  data-ultimate-target='.uvc-heading.ultimate-heading-672169e76147c1387 h2'  data-responsive-json-new='{\"font-size\":\"desktop:30px;\",\"line-height\":\"desktop:40px;\"}' ><h2 style=\"font-weight:bold;\">Formul\u00e1rio de Contato<\/h2><\/div><div class=\"uvc-heading-spacer line_with_icon\" style=\"margin-bottom:40px;height:18px;\"><div class=\"ult-just-icon-wrapper  \"><div class=\"align-icon\" style=\"text-align:center;\">\n<div class=\"aio-icon none \"  style=\"color:#3db3ef;font-size:18px;display:inline-block;\">\n\t<i class=\"icomoon-font-awesome-14x14-chevron-down\"><\/i>\n<\/div><\/div><\/div><\/div><\/div><div role=\"form\" class=\"wpcf7\" id=\"wpcf7-f5-o1\" lang=\"pt-BR\" dir=\"ltr\">\n<div class=\"screen-reader-response\" aria-live=\"polite\"><\/div>\n<form action=\"\/site\/wp-json\/wp\/v2\/pages\/1080#wpcf7-f5-o1\" method=\"post\" class=\"wpcf7-form\" novalidate=\"novalidate\">\n<div style=\"display: none;\">\n<input type=\"hidden\" name=\"_wpcf7\" value=\"5\" \/>\n<input type=\"hidden\" name=\"_wpcf7_version\" value=\"5.1.9\" \/>\n<input type=\"hidden\" name=\"_wpcf7_locale\" value=\"pt_BR\" \/>\n<input type=\"hidden\" name=\"_wpcf7_unit_tag\" value=\"wpcf7-f5-o1\" \/>\n<input type=\"hidden\" name=\"_wpcf7_container_post\" value=\"0\" \/>\n<\/div>\n<p><label> Nome (obrigat\u00f3rio)<br \/>\n    <span class=\"wpcf7-form-control-wrap your-name\"><input type=\"text\" name=\"your-name\" value=\"\" size=\"40\" class=\"wpcf7-form-control wpcf7-text wpcf7-validates-as-required\" aria-required=\"true\" aria-invalid=\"false\" \/><\/span> <\/label><\/p>\n<p><label> E-mail (obrigat\u00f3rio)<br \/>\n    <span class=\"wpcf7-form-control-wrap your-email\"><input type=\"email\" name=\"your-email\" value=\"\" size=\"40\" class=\"wpcf7-form-control wpcf7-text wpcf7-email wpcf7-validates-as-required wpcf7-validates-as-email\" aria-required=\"true\" aria-invalid=\"false\" \/><\/span> <\/label><\/p>\n<p><label> Assunto<br \/>\n    <span class=\"wpcf7-form-control-wrap your-subject\"><input type=\"text\" name=\"your-subject\" value=\"\" size=\"40\" class=\"wpcf7-form-control wpcf7-text\" aria-invalid=\"false\" \/><\/span> <\/label><\/p>\n<p><label> Mensagem<br \/>\n    <span class=\"wpcf7-form-control-wrap your-message\"><textarea name=\"your-message\" cols=\"40\" rows=\"10\" class=\"wpcf7-form-control wpcf7-textarea\" aria-invalid=\"false\"><\/textarea><\/span> <\/label><\/p>\n<p><input type=\"submit\" value=\"Enviar\" class=\"wpcf7-form-control wpcf7-submit\" \/><\/p>\n<div class=\"wpcf7-response-output wpcf7-display-none\" aria-hidden=\"true\"><\/div><\/form><\/div>[\/vc_column][vc_column css=&#8221;.vc_custom_1515175005736{margin-right: 25px !important;margin-bottom: 50px !important;margin-left: 25px !important;padding-top: 45px !important;padding-right: 50px !important;padding-bottom: 45px !important;padding-left: 50px !important;background-color: #f7f7f7 !important;}&#8221; offset=&#8221;vc_col-lg-offset-0 vc_col-lg-6 vc_col-md-offset-0 vc_col-md-6 vc_col-sm-offset-0&#8243;]<div id=\"ultimate-heading-68369e76147c3322\" class=\"uvc-heading ult-adjust-bottom-margin ultimate-heading-68369e76147c3322 uvc-7717 \" data-hspacer=\"line_with_icon\" data-hline_width=\"150\" data-hicon_type=\"selector\" data-hborder_style=\"solid\" data-hborder_height=\"3\" data-hborder_color=\"#3db3ef\" data-icon_width=\"18\" data-hfixer=\"10\"  data-halign=\"center\" style=\"text-align:center\"><div class=\"uvc-main-heading ult-responsive\"  data-ultimate-target='.uvc-heading.ultimate-heading-68369e76147c3322 h2'  data-responsive-json-new='{\"font-size\":\"desktop:30px;\",\"line-height\":\"desktop:40px;\"}' ><h2 style=\"font-weight:bold;\">Nossos Telefones<\/h2><\/div><div class=\"uvc-heading-spacer line_with_icon\" style=\"margin-bottom:40px;height:18px;\"><div class=\"ult-just-icon-wrapper  \"><div class=\"align-icon\" style=\"text-align:center;\">\n<div class=\"aio-icon none \"  style=\"color:#3db3ef;font-size:18px;display:inline-block;\">\n\t<i class=\"icomoon-font-awesome-14x14-chevron-down\"><\/i>\n<\/div><\/div><\/div><\/div><\/div>[vc_raw_html]JTNDY2VudGVyJTNFJTBBJTNDc3BhbiUyMGNsYXNzJTNEJTIybnVtZXJvJTIyJTNFJTBBJTIwJTIwJTIwJTIwJTNDYSUyMGhyZWYlM0QlMjJ0ZWwlM0ExMTQ2NDAxNDAwJTIyJTIwb25jbGljayUzRCUyMmd0YWclMjglMjdldmVudCUyNyUyQyUyMCUyN2NsaWNrJTI3JTJDJTIwJTdCJTI3ZXZlbnRfY2F0ZWdvcnklMjclM0ElMjAlMjdDb252ZXJzJUMzJUEzbyUyNyUyMCUyQyUyMCUyN2V2ZW50X2FjdGlvbiUyNyUzQSUyMCUyN0NsaXF1ZSUyMFRlbGVmb25lJTIwJTI4MTElMjklMjA0NjQwLTE0MDAlMjclMkMlMjAlMjdldmVudF9sYWJlbCUyNyUzQSUyMCUyN1AlQzMlQTFnaW5hJTIwQ29udGF0byUyNyUyMCU3RCUyOSUzQiUyMiUyMGlkJTNEJTIydmVyTnVtZXJvMSUyMiUyMHN0eWxlJTNEJTIyY29sb3IlM0ElMjBibGFjayUzQnRleHQtZGVjb3JhdGlvbiUzQSUyMG5vbmUlM0Jmb250LXNpemUlM0ElMjAyMnB4JTNCJTIyJTNFJTI4MTElMjklMjA0NjQwLTE0MDAlM0MlMkZhJTNFJTBBJTNDJTJGc3BhbiUzRSUwQSUzQ2JyJTNFJTBBJTNDc3BhbiUyMGNsYXNzJTNEJTIybnVtZXJvJTIyJTNFJTBBJTIwJTIwJTIwJTIwJTNDYSUyMGhyZWYlM0QlMjJ0ZWwlM0ExMTQ2NDIyMjQ1JTIyJTIwb25jbGljayUzRCUyMmd0YWclMjglMjdldmVudCUyNyUyQyUyMCUyN2NsaWNrJTI3JTJDJTIwJTdCJTI3ZXZlbnRfY2F0ZWdvcnklMjclM0ElMjAlMjdDb252ZXJzJUMzJUEzbyUyNyUyMCUyQyUyMCUyN2V2ZW50X2FjdGlvbiUyNyUzQSUyMCUyN0NsaXF1ZSUyMFRlbGVmb25lJTIwJTI4MTElMjklMjA0NjQyLTIyNDUlMjclMkMlMjAlMjdldmVudF9sYWJlbCUyNyUzQSUyMCUyN1AlQzMlQTFnaW5hJTIwQ29udGF0byUyNyUyMCU3RCUyOSUzQiUyMiUyMGlkJTNEJTIydmVyTnVtZXJvMiUyMiUyMHN0eWxlJTNEJTIyY29sb3IlM0ElMjBibGFjayUzQnRleHQtZGVjb3JhdGlvbiUzQSUyMG5vbmUlM0Jmb250LXNpemUlM0ElMjAyMnB4JTNCJTIyJTNFJTI4MTElMjklMjA0NjQyLTIyNDUlM0MlMkZhJTNFJTBBJTNDJTJGc3BhbiUzRSUwQSUzQ2JyJTNFJTBBJTNDc3BhbiUyMGNsYXNzJTNEJTIybnVtZXJvJTIyJTNFJTBBJTIwJTIwJTIwJTIwJTNDYSUyMGhyZWYlM0QlMjJ0ZWwlM0ExMTQ2NDAxMTM1JTIyJTIwb25jbGljayUzRCUyMmd0YWclMjglMjdldmVudCUyNyUyQyUyMCUyN2NsaWNrJTI3JTJDJTIwJTdCJTI3ZXZlbnRfY2F0ZWdvcnklMjclM0ElMjAlMjdDb252ZXJzJUMzJUEzbyUyNyUyMCUyQyUyMCUyN2V2ZW50X2FjdGlvbiUyNyUzQSUyMCUyN0NsaXF1ZSUyMFRlbGVmb25lJTIwJTI4MTElMjklMjA0NjQwLTExMzUlMjclMkMlMjAlMjdldmVudF9sYWJlbCUyNyUzQSUyMCUyN1AlQzMlQTFnaW5hJTIwQ29udGF0byUyNyUyMCU3RCUyOSUzQiUyMiUyMGlkJTNEJTIydmVyTnVtZXJvMyUyMiUyMHN0eWxlJTNEJTIyY29sb3IlM0ElMjBibGFjayUzQnRleHQtZGVjb3JhdGlvbiUzQSUyMG5vbmUlM0Jmb250LXNpemUlM0ElMjAyMnB4JTNCJTIyJTNFJTI4MTElMjklMjA0NjQwLTExMzUlM0MlMkZhJTNFJTBBJTNDJTJGc3BhbiUzRSUwQSUzQ2JyJTNFJTBBJTNDc3BhbiUyMGNsYXNzJTNEJTIybnVtZXJvJTIyJTNFJTBBJTIwJTIwJTIwJTIwJTNDYSUyMGhyZWYlM0QlMjJ0ZWwlM0ExMTQ2NDIyMjU2JTIyJTIwb25jbGljayUzRCUyMmd0YWclMjglMjdldmVudCUyNyUyQyUyMCUyN2NsaWNrJTI3JTJDJTIwJTdCJTI3ZXZlbnRfY2F0ZWdvcnklMjclM0ElMjAlMjdDb252ZXJzJUMzJUEzbyUyNyUyMCUyQyUyMCUyN2V2ZW50X2FjdGlvbiUyNyUzQSUyMCUyN0NsaXF1ZSUyMFRlbGVmb25lJTIwJTI4MTElMjklMjA0NjQyLTIyNTYlMjclMkMlMjAlMjdldmVudF9sYWJlbCUyNyUzQSUyMCUyN1AlQzMlQTFnaW5hJTIwQ29udGF0byUyNyUyMCU3RCUyOSUzQiUyMiUyMGlkJTNEJTIydmVyTnVtZXJvNCUyMiUyMHN0eWxlJTNEJTIyY29sb3IlM0ElMjBibGFjayUzQnRleHQtZGVjb3JhdGlvbiUzQSUyMG5vbmUlM0Jmb250LXNpemUlM0ElMjAyMnB4JTNCJTIyJTNFJTI4MTElMjklMjA0NjQyLTIyNTYlM0MlMkZhJTNFJTBBJTNDJTJGc3BhbiUzRSUwQSUzQyUyRmNlbnRlciUzRQ==[\/vc_raw_html][vc_empty_space height=&#8221;50px&#8221;]<div id=\"ultimate-heading-946369e76147c33c6\" class=\"uvc-heading ult-adjust-bottom-margin ultimate-heading-946369e76147c33c6 uvc-9853 \" data-hspacer=\"line_with_icon\" data-hline_width=\"150\" data-hicon_type=\"selector\" data-hborder_style=\"solid\" data-hborder_height=\"3\" data-hborder_color=\"#3db3ef\" data-icon_width=\"18\" data-hfixer=\"10\"  data-halign=\"center\" style=\"text-align:center\"><div class=\"uvc-main-heading ult-responsive\"  data-ultimate-target='.uvc-heading.ultimate-heading-946369e76147c33c6 h2'  data-responsive-json-new='{\"font-size\":\"desktop:30px;\",\"line-height\":\"desktop:40px;\"}' ><h2 style=\"font-weight:bold;\">Localiza\u00e7\u00e3o<\/h2><\/div><div class=\"uvc-heading-spacer line_with_icon\" style=\"margin-bottom:40px;height:18px;\"><div class=\"ult-just-icon-wrapper  \"><div class=\"align-icon\" style=\"text-align:center;\">\n<div class=\"aio-icon none \"  style=\"color:#3db3ef;font-size:18px;display:inline-block;\">\n\t<i class=\"icomoon-font-awesome-14x14-chevron-down\"><\/i>\n<\/div><\/div><\/div><\/div><\/div>[vc_column_text]<iframe loading=\"lazy\" style=\"border: 0;\" src=\"https:\/\/www.google.com\/maps\/embed?pb=!1m18!1m12!1m3!1d14637.168338192027!2d-46.37208441991324!3d-23.48598670125469!2m3!1f0!2f0!3f0!3m2!1i1024!2i768!4f13.1!3m3!1m2!1s0x94ce635aa9cae139%3A0x5b36cf5c82b112f0!2sR.+Ferraz+de+Vasconcelos%2C+482+-+Vila+Monte+Belo%2C+Itaquaquecetuba+-+SP%2C+08577-540!5e0!3m2!1spt-BR!2sbr!4v1557753186376!5m2!1spt-BR!2sbr\" width=\"600\" height=\"450\" frameborder=\"0\" allowfullscreen=\"allowfullscreen\"><\/iframe>[\/vc_column_text][\/vc_column][\/vc_row]<\/p>\n","protected":false},"excerpt":{"rendered":"<p>[vc_row equal_height=&#8221;yes&#8221; type=&#8221;vc_default&#8221; el_id=&#8221;menu_section&#8221; css=&#8221;.vc_custom_1515175073570{padding-bottom: 40px !important;}&#8221;][vc_column css=&#8221;.vc_custom_1515175022452{margin-right: 25px !important;margin-bottom: 50px !important;margin-left: 25px !important;padding-top: 45px !important;padding-right: 50px !important;padding-bottom: 40px !important;padding-left: 50px !important;background-color: #f7f7f7 !important;}&#8221; offset=&#8221;vc_col-lg-6 vc_col-md-6&#8243;][\/vc_column][vc_column css=&#8221;.vc_custom_1515175005736{margin-right: 25px !important;margin-bottom: 50px !important;margin-left: 25px !important;padding-top: 45px !important;padding-right: 50px !important;padding-bottom: 45px !important;padding-left: 50px !important;background-color: #f7f7f7 !important;}&#8221; offset=&#8221;vc_col-lg-offset-0 vc_col-lg-6 vc_col-md-offset-0 vc_col-md-6 vc_col-sm-offset-0&#8243;][vc_raw_html]JTNDY2VudGVyJTNFJTBBJTNDc3BhbiUyMGNsYXNzJTNEJTIybnVtZXJvJTIyJTNFJTBBJTIwJTIwJTIwJTIwJTNDYSUyMGhyZWYlM0QlMjJ0ZWwlM0ExMTQ2NDAxNDAwJTIyJTIwb25jbGljayUzRCUyMmd0YWclMjglMjdldmVudCUyNyUyQyUyMCUyN2NsaWNrJTI3JTJDJTIwJTdCJTI3ZXZlbnRfY2F0ZWdvcnklMjclM0ElMjAlMjdDb252ZXJzJUMzJUEzbyUyNyUyMCUyQyUyMCUyN2V2ZW50X2FjdGlvbiUyNyUzQSUyMCUyN0NsaXF1ZSUyMFRlbGVmb25lJTIwJTI4MTElMjklMjA0NjQwLTE0MDAlMjclMkMlMjAlMjdldmVudF9sYWJlbCUyNyUzQSUyMCUyN1AlQzMlQTFnaW5hJTIwQ29udGF0byUyNyUyMCU3RCUyOSUzQiUyMiUyMGlkJTNEJTIydmVyTnVtZXJvMSUyMiUyMHN0eWxlJTNEJTIyY29sb3IlM0ElMjBibGFjayUzQnRleHQtZGVjb3JhdGlvbiUzQSUyMG5vbmUlM0Jmb250LXNpemUlM0ElMjAyMnB4JTNCJTIyJTNFJTI4MTElMjklMjA0NjQwLTE0MDAlM0MlMkZhJTNFJTBBJTNDJTJGc3BhbiUzRSUwQSUzQ2JyJTNFJTBBJTNDc3BhbiUyMGNsYXNzJTNEJTIybnVtZXJvJTIyJTNFJTBBJTIwJTIwJTIwJTIwJTNDYSUyMGhyZWYlM0QlMjJ0ZWwlM0ExMTQ2NDIyMjQ1JTIyJTIwb25jbGljayUzRCUyMmd0YWclMjglMjdldmVudCUyNyUyQyUyMCUyN2NsaWNrJTI3JTJDJTIwJTdCJTI3ZXZlbnRfY2F0ZWdvcnklMjclM0ElMjAlMjdDb252ZXJzJUMzJUEzbyUyNyUyMCUyQyUyMCUyN2V2ZW50X2FjdGlvbiUyNyUzQSUyMCUyN0NsaXF1ZSUyMFRlbGVmb25lJTIwJTI4MTElMjklMjA0NjQyLTIyNDUlMjclMkMlMjAlMjdldmVudF9sYWJlbCUyNyUzQSUyMCUyN1AlQzMlQTFnaW5hJTIwQ29udGF0byUyNyUyMCU3RCUyOSUzQiUyMiUyMGlkJTNEJTIydmVyTnVtZXJvMiUyMiUyMHN0eWxlJTNEJTIyY29sb3IlM0ElMjBibGFjayUzQnRleHQtZGVjb3JhdGlvbiUzQSUyMG5vbmUlM0Jmb250LXNpemUlM0ElMjAyMnB4JTNCJTIyJTNFJTI4MTElMjklMjA0NjQyLTIyNDUlM0MlMkZhJTNFJTBBJTNDJTJGc3BhbiUzRSUwQSUzQ2JyJTNFJTBBJTNDc3BhbiUyMGNsYXNzJTNEJTIybnVtZXJvJTIyJTNFJTBBJTIwJTIwJTIwJTIwJTNDYSUyMGhyZWYlM0QlMjJ0ZWwlM0ExMTQ2NDAxMTM1JTIyJTIwb25jbGljayUzRCUyMmd0YWclMjglMjdldmVudCUyNyUyQyUyMCUyN2NsaWNrJTI3JTJDJTIwJTdCJTI3ZXZlbnRfY2F0ZWdvcnklMjclM0ElMjAlMjdDb252ZXJzJUMzJUEzbyUyNyUyMCUyQyUyMCUyN2V2ZW50X2FjdGlvbiUyNyUzQSUyMCUyN0NsaXF1ZSUyMFRlbGVmb25lJTIwJTI4MTElMjklMjA0NjQwLTExMzUlMjclMkMlMjAlMjdldmVudF9sYWJlbCUyNyUzQSUyMCUyN1AlQzMlQTFnaW5hJTIwQ29udGF0byUyNyUyMCU3RCUyOSUzQiUyMiUyMGlkJTNEJTIydmVyTnVtZXJvMyUyMiUyMHN0eWxlJTNEJTIyY29sb3IlM0ElMjBibGFjayUzQnRleHQtZGVjb3JhdGlvbiUzQSUyMG5vbmUlM0Jmb250LXNpemUlM0ElMjAyMnB4JTNCJTIyJTNFJTI4MTElMjklMjA0NjQwLTExMzUlM0MlMkZhJTNFJTBBJTNDJTJGc3BhbiUzRSUwQSUzQ2JyJTNFJTBBJTNDc3BhbiUyMGNsYXNzJTNEJTIybnVtZXJvJTIyJTNFJTBBJTIwJTIwJTIwJTIwJTNDYSUyMGhyZWYlM0QlMjJ0ZWwlM0ExMTQ2NDIyMjU2JTIyJTIwb25jbGljayUzRCUyMmd0YWclMjglMjdldmVudCUyNyUyQyUyMCUyN2NsaWNrJTI3JTJDJTIwJTdCJTI3ZXZlbnRfY2F0ZWdvcnklMjclM0ElMjAlMjdDb252ZXJzJUMzJUEzbyUyNyUyMCUyQyUyMCUyN2V2ZW50X2FjdGlvbiUyNyUzQSUyMCUyN0NsaXF1ZSUyMFRlbGVmb25lJTIwJTI4MTElMjklMjA0NjQyLTIyNTYlMjclMkMlMjAlMjdldmVudF9sYWJlbCUyNyUzQSUyMCUyN1AlQzMlQTFnaW5hJTIwQ29udGF0byUyNyUyMCU3RCUyOSUzQiUyMiUyMGlkJTNEJTIydmVyTnVtZXJvNCUyMiUyMHN0eWxlJTNEJTIyY29sb3IlM0ElMjBibGFjayUzQnRleHQtZGVjb3JhdGlvbiUzQSUyMG5vbmUlM0Jmb250LXNpemUlM0ElMjAyMnB4JTNCJTIyJTNFJTI4MTElMjklMjA0NjQyLTIyNTYlM0MlMkZhJTNFJTBBJTNDJTJGc3BhbiUzRSUwQSUzQyUyRmNlbnRlciUzRQ==[\/vc_raw_html][vc_empty_space height=&#8221;50px&#8221;][vc_column_text][\/vc_column_text][\/vc_column][\/vc_row]<\/p>\n","protected":false},"author":2,"featured_media":0,"parent":0,"menu_order":70,"comment_status":"closed","ping_status":"closed","template":"","meta":[],"yoast_head":"<!-- This site is optimized with the Yoast SEO plugin v14.4.1 - https:\/\/yoast.com\/wordpress\/plugins\/seo\/ -->\n<title>Oxicorte, Corte Plasma, Chapas de A\u00e7o, Contato em S\u00e3o Paulo<\/title>\n<meta name=\"description\" content=\"A EJE OXICORTE presta servi\u00e7os especializados em Corte Plasma com Tecnologia CNC de Chapas em A\u00e7o Carbono at\u00e9 5\/8\u201d e inox 12mm em Ret\u00e2ngulos, Discos e Modelos, Oxicorte em Fotoc\u00e9lula at\u00e9 101 mm. Trabalhamos com qualidade e agilidade cumprindo prazo de entrega. Contamos com um amplo estoque.Processo empregado no corte preciso de materiais met\u00e1licos, sendo muito comum no setor industrial. Dentre as suas vantagens est\u00e3o o aumento de produtividade, diminui\u00e7\u00e3o do tempo gasto na produ\u00e7\u00e3o e corte de forma padronizada.\" \/>\n<meta name=\"robots\" content=\"index, follow\" \/>\n<meta name=\"googlebot\" content=\"index, follow, max-snippet:-1, max-image-preview:large, max-video-preview:-1\" \/>\n<meta name=\"bingbot\" content=\"index, follow, max-snippet:-1, max-image-preview:large, max-video-preview:-1\" \/>\n<link rel=\"canonical\" href=\"https:\/\/www.ejeoxicorte.com.br\/site\/contato\/\" \/>\n<meta property=\"og:locale\" content=\"pt_BR\" \/>\n<meta property=\"og:type\" content=\"article\" \/>\n<meta property=\"og:title\" content=\"Oxicorte, Corte Plasma, Chapas de A\u00e7o, Contato em S\u00e3o Paulo\" \/>\n<meta property=\"og:description\" content=\"A EJE OXICORTE presta servi\u00e7os especializados em Corte Plasma com Tecnologia CNC de Chapas em A\u00e7o Carbono at\u00e9 5\/8\u201d e inox 12mm em Ret\u00e2ngulos, Discos e Modelos, Oxicorte em Fotoc\u00e9lula at\u00e9 101 mm. Trabalhamos com qualidade e agilidade cumprindo prazo de entrega. Contamos com um amplo estoque.Processo empregado no corte preciso de materiais met\u00e1licos, sendo muito comum no setor industrial. Dentre as suas vantagens est\u00e3o o aumento de produtividade, diminui\u00e7\u00e3o do tempo gasto na produ\u00e7\u00e3o e corte de forma padronizada.\" \/>\n<meta property=\"og:url\" content=\"https:\/\/www.ejeoxicorte.com.br\/site\/contato\/\" \/>\n<meta property=\"og:site_name\" content=\"EJE Oxicorte - Qualidade e Profissionalismo\" \/>\n<meta property=\"article:publisher\" content=\"https:\/\/www.facebook.com\/EJE-Oxicorte-2026155464353324\/\" \/>\n<meta property=\"article:modified_time\" content=\"2020-04-02T18:16:59+00:00\" \/>\n<meta name=\"twitter:card\" content=\"summary_large_image\" \/>\n<script type=\"application\/ld+json\" class=\"yoast-schema-graph\">{\"@context\":\"https:\/\/schema.org\",\"@graph\":[{\"@type\":\"Organization\",\"@id\":\"https:\/\/www.ejeoxicorte.com.br\/site\/#organization\",\"name\":\"EJE OXICORTE - PRECIS\\u00c3O, QUALIDADE E ENTREGA\",\"url\":\"https:\/\/www.ejeoxicorte.com.br\/site\/\",\"sameAs\":[\"https:\/\/www.facebook.com\/EJE-Oxicorte-2026155464353324\/\"],\"logo\":{\"@type\":\"ImageObject\",\"@id\":\"https:\/\/www.ejeoxicorte.com.br\/site\/#logo\",\"inLanguage\":\"pt-BR\",\"url\":\"https:\/\/www.ejeoxicorte.com.br\/site\/wp-content\/uploads\/2019\/05\/logoflutuante2.png\",\"width\":204,\"height\":70,\"caption\":\"EJE OXICORTE - PRECIS\\u00c3O, QUALIDADE E ENTREGA\"},\"image\":{\"@id\":\"https:\/\/www.ejeoxicorte.com.br\/site\/#logo\"}},{\"@type\":\"WebSite\",\"@id\":\"https:\/\/www.ejeoxicorte.com.br\/site\/#website\",\"url\":\"https:\/\/www.ejeoxicorte.com.br\/site\/\",\"name\":\"EJE- OXICORTE\",\"description\":\"EJE Oxicorte - Qualidade e Profissionalismo\",\"publisher\":{\"@id\":\"https:\/\/www.ejeoxicorte.com.br\/site\/#organization\"},\"potentialAction\":[{\"@type\":\"SearchAction\",\"target\":\"https:\/\/www.ejeoxicorte.com.br\/site\/?s={search_term_string}\",\"query-input\":\"required name=search_term_string\"}],\"inLanguage\":\"pt-BR\"},{\"@type\":\"WebPage\",\"@id\":\"https:\/\/www.ejeoxicorte.com.br\/site\/contato\/#webpage\",\"url\":\"https:\/\/www.ejeoxicorte.com.br\/site\/contato\/\",\"name\":\"Oxicorte, Corte Plasma, Chapas de A\\u00e7o, Contato em S\\u00e3o Paulo\",\"isPartOf\":{\"@id\":\"https:\/\/www.ejeoxicorte.com.br\/site\/#website\"},\"datePublished\":\"2017-12-06T11:42:00+00:00\",\"dateModified\":\"2020-04-02T18:16:59+00:00\",\"description\":\"A EJE OXICORTE presta servi\\u00e7os especializados em Corte Plasma com Tecnologia CNC de Chapas em A\\u00e7o Carbono at\\u00e9 5\/8\\u201d e inox 12mm em Ret\\u00e2ngulos, Discos e Modelos, Oxicorte em Fotoc\\u00e9lula at\\u00e9 101 mm. Trabalhamos com qualidade e agilidade cumprindo prazo de entrega. Contamos com um amplo estoque.Processo empregado no corte preciso de materiais met\\u00e1licos, sendo muito comum no setor industrial. Dentre as suas vantagens est\\u00e3o o aumento de produtividade, diminui\\u00e7\\u00e3o do tempo gasto na produ\\u00e7\\u00e3o e corte de forma padronizada.\",\"inLanguage\":\"pt-BR\",\"potentialAction\":[{\"@type\":\"ReadAction\",\"target\":[\"https:\/\/www.ejeoxicorte.com.br\/site\/contato\/\"]}]}]}<\/script>\n<!-- \/ Yoast SEO plugin. -->","_links":{"self":[{"href":"https:\/\/www.ejeoxicorte.com.br\/site\/wp-json\/wp\/v2\/pages\/1080"}],"collection":[{"href":"https:\/\/www.ejeoxicorte.com.br\/site\/wp-json\/wp\/v2\/pages"}],"about":[{"href":"https:\/\/www.ejeoxicorte.com.br\/site\/wp-json\/wp\/v2\/types\/page"}],"author":[{"embeddable":true,"href":"https:\/\/www.ejeoxicorte.com.br\/site\/wp-json\/wp\/v2\/users\/2"}],"replies":[{"embeddable":true,"href":"https:\/\/www.ejeoxicorte.com.br\/site\/wp-json\/wp\/v2\/comments?post=1080"}],"version-history":[{"count":23,"href":"https:\/\/www.ejeoxicorte.com.br\/site\/wp-json\/wp\/v2\/pages\/1080\/revisions"}],"predecessor-version":[{"id":2079,"href":"https:\/\/www.ejeoxicorte.com.br\/site\/wp-json\/wp\/v2\/pages\/1080\/revisions\/2079"}],"wp:attachment":[{"href":"https:\/\/www.ejeoxicorte.com.br\/site\/wp-json\/wp\/v2\/media?parent=1080"}],"curies":[{"name":"wp","href":"https:\/\/api.w.org\/{rel}","templated":true}]}}