{"id":1070,"date":"2017-12-06T11:35:31","date_gmt":"2017-12-06T11:35:31","guid":{"rendered":"https:\/\/the7.io\/dental\/?page_id=1070"},"modified":"2020-02-28T10:52:56","modified_gmt":"2020-02-28T13:52:56","slug":"quem-somos","status":"publish","type":"page","link":"https:\/\/www.ejeoxicorte.com.br\/site\/quem-somos\/","title":{"rendered":"Quem Somos"},"content":{"rendered":"<p>[vc_row content_placement=&#8221;middle&#8221; css=&#8221;.vc_custom_1528578476085{padding-top: 80px !important;padding-bottom: 10px !important;}&#8221; el_id=&#8221;about&#8221;][vc_column offset=&#8221;vc_col-lg-6 vc_col-md-6&#8243; css=&#8221;.vc_custom_1515424178786{padding-bottom: 50px !important;}&#8221;]<div id=\"ultimate-heading-301469e762ac21d82\" class=\"uvc-heading ult-adjust-bottom-margin ultimate-heading-301469e762ac21d82 uvc-6994 \" data-hspacer=\"no_spacer\"  data-halign=\"left\" style=\"text-align:left\"><div class=\"uvc-heading-spacer no_spacer\" style=\"top\"><\/div><div class=\"uvc-main-heading ult-responsive\"  data-ultimate-target='.uvc-heading.ultimate-heading-301469e762ac21d82 h2'  data-responsive-json-new='{\"font-size\":\"desktop:30px;\",\"line-height\":\"desktop:40px;\"}' ><h2 style=\"font-weight:bold;margin-bottom:20px;\">N\u00f3s somos a E.J.E OXICORTE<\/h2><\/div><div class=\"uvc-sub-heading ult-responsive\"  data-ultimate-target='.uvc-heading.ultimate-heading-301469e762ac21d82 .uvc-sub-heading '  data-responsive-json-new='{\"font-size\":\"\",\"line-height\":\"desktop:26px;\"}'  style=\"font-weight:normal;margin-bottom:20px;\"><\/p>\n<p style=\"text-align: Justify;\">A mais de 40 anos a <strong>E.J.E OXICORTE<\/strong> \u00e9 distribuidora das principais Usinas Sider\u00fargicas do Brasil, atendendo os mais diferentes ramos de atividades, tais como:<\/p>\n<p><em>Auto Pe\u00e7as,\u00a0<\/em><em>Automobil\u00edstica,\u00a0<\/em><em>Caldeiraria Pesada,\u00a0<\/em><em>Constru\u00e7\u00e3o Civil, <\/em><em>Estamparia,\u00a0<\/em><em>Ferramentaria,\u00a0<\/em><em>Ind\u00fastria de M\u00e1quinas, <\/em><em>Ind\u00fastria Naval,\u00a0<\/em><em>Ind\u00fastria Sucroalcooleira,\u00a0<\/em><em>Implementos Agr\u00edcolas,\u00a0<\/em><em>Usinagem,\u00a0<\/em><em>Metal\u00fargica em Geral.<\/em><\/p>\n<p><strong>Trabalhamos com agilidade e qualidade, cumprindo prazos de entrega!<\/strong><\/p>\n<p style=\"text-align: Justify;\">A <strong>E.J.E OXICORTE<\/strong> tem como tradi\u00e7\u00e3o um rigoroso sistema de qualidade, para isso contamos com profissionais capacitados para realizar todos os servi\u00e7os em que prestamos e com equipamentos apropriado para as nossas atividades.<\/p>\n<p><\/div><\/div>[\/vc_column][vc_column width=&#8221;2\/3&#8243; offset=&#8221;vc_col-lg-offset-0 vc_col-lg-6 vc_col-md-offset-0 vc_col-md-6 vc_col-sm-offset-2&#8243; css=&#8221;.vc_custom_1515424193637{padding-bottom: 50px !important;}&#8221;]<div class=\"shortcode-single-image-wrap alignnone \" style=\"margin-top:0px; margin-bottom:0px; margin-left:0px; margin-right:0px; width:1000px;\"><div class=\"shortcode-single-image\"><div class=\"fancy-media-wrap layzr-bg\" style=\"\"><img class=\"lazy-load preload-me\" src=\"data:image\/svg+xml,%3Csvg%20xmlns%3D&#39;http%3A%2F%2Fwww.w3.org%2F2000%2Fsvg&#39;%20viewBox%3D&#39;0%200%20427%20299&#39;%2F%3E\" data-src=\"https:\/\/www.ejeoxicorte.com.br\/site\/wp-content\/uploads\/2019\/05\/fotoprinci-427x299.jpg\" data-srcset=\"https:\/\/www.ejeoxicorte.com.br\/site\/wp-content\/uploads\/2019\/05\/fotoprinci-427x299.jpg 427w\" width=\"427\" height=\"299\"  data-dt-location=\"https:\/\/www.ejeoxicorte.com.br\/site\/home\/fotoprinci\/\" style=\"\" alt=\"\" \/><\/div><\/div><\/div>[\/vc_column][\/vc_row][vc_row][vc_column width=&#8221;1\/3&#8243;]<div class=\"aio-icon-component   accent-border-color accent-icon-bg style_1\"><div id=\"Info-box-wrap-1403\" class=\"aio-icon-box default-icon\" style=\"\"  ><div class=\"aio-icon-default\"><div class=\"ult-just-icon-wrapper  \"><div class=\"align-icon\" style=\"text-align:center;\">\n<div class=\"aio-icon advanced \"  style=\"color:#ffffff;background:#ffffff;border-style:;border-color:#333333;border-width:1px;width:50px;height:50px;line-height:50px;border-radius:500px;font-size:24px;display:inline-block;\">\n\t<i class=\"Defaults-user\"><\/i>\n<\/div><\/div><\/div><\/div><div class=\"aio-icon-header\" ><h3 class=\"aio-icon-title ult-responsive\"  data-ultimate-target='#Info-box-wrap-1403 .aio-icon-title'  data-responsive-json-new='{\"font-size\":\"\",\"line-height\":\"\"}'  style=\"\">Nossa Miss\u00e3o<\/h3><\/div> <!-- header --><div class=\"aio-icon-description ult-responsive\"  data-ultimate-target='#Info-box-wrap-1403 .aio-icon-description'  data-responsive-json-new='{\"font-size\":\"\",\"line-height\":\"\"}'  style=\"\"><\/p>\n<p style=\"text-align: justify;\">Garantir a melhoria cont\u00ednua do sistema de gest\u00e3o e dar continuidade aos neg\u00f3cios, viabilizando novos investimentos a fim de proporcionar crescimento a todos os seus clientes e colaboradores.<\/p>\n<p><\/div> <!-- description --><\/div> <!-- aio-icon-box --><\/div> <!-- aio-icon-component -->[vc_column_text][\/vc_column_text][\/vc_column][vc_column width=&#8221;1\/3&#8243;]<div class=\"aio-icon-component   accent-border-color accent-icon-bg style_1\"><div id=\"Info-box-wrap-7735\" class=\"aio-icon-box default-icon\" style=\"\"  ><div class=\"aio-icon-default\"><div class=\"ult-just-icon-wrapper  \"><div class=\"align-icon\" style=\"text-align:center;\">\n<div class=\"aio-icon advanced \"  style=\"color:#ffffff;background:#ffffff;border-style:;border-color:#333333;border-width:1px;width:50px;height:50px;line-height:50px;border-radius:500px;font-size:24px;display:inline-block;\">\n\t<i class=\"Defaults-thumbs-up\"><\/i>\n<\/div><\/div><\/div><\/div><div class=\"aio-icon-header\" ><h3 class=\"aio-icon-title ult-responsive\"  data-ultimate-target='#Info-box-wrap-7735 .aio-icon-title'  data-responsive-json-new='{\"font-size\":\"\",\"line-height\":\"\"}'  style=\"\">Nossa Vis\u00e3o<\/h3><\/div> <!-- header --><div class=\"aio-icon-description ult-responsive\"  data-ultimate-target='#Info-box-wrap-7735 .aio-icon-description'  data-responsive-json-new='{\"font-size\":\"\",\"line-height\":\"\"}'  style=\"\"><\/p>\n<p style=\"text-align: justify;\">Sempre pesquisando novas tecnologias para oferecer a melhor qualidade nos produtos, a pre\u00e7os competitivos e agilidade na entrega.<\/p>\n<p><\/div> <!-- description --><\/div> <!-- aio-icon-box --><\/div> <!-- aio-icon-component -->[\/vc_column][vc_column width=&#8221;1\/3&#8243;]<div class=\"aio-icon-component   accent-border-color accent-icon-bg style_1\"><div id=\"Info-box-wrap-2066\" class=\"aio-icon-box default-icon\" style=\"\"  ><div class=\"aio-icon-default\"><div class=\"ult-just-icon-wrapper  \"><div class=\"align-icon\" style=\"text-align:center;\">\n<div class=\"aio-icon advanced \"  style=\"color:#ffffff;background:#ffffff;border-style:;border-color:#333333;border-width:1px;width:50px;height:50px;line-height:50px;border-radius:500px;font-size:24px;display:inline-block;\">\n\t<i class=\"Defaults-group users\"><\/i>\n<\/div><\/div><\/div><\/div><div class=\"aio-icon-header\" ><h3 class=\"aio-icon-title ult-responsive\"  data-ultimate-target='#Info-box-wrap-2066 .aio-icon-title'  data-responsive-json-new='{\"font-size\":\"\",\"line-height\":\"\"}'  style=\"\">Nossos Valores<\/h3><\/div> <!-- header --><div class=\"aio-icon-description ult-responsive\"  data-ultimate-target='#Info-box-wrap-2066 .aio-icon-description'  data-responsive-json-new='{\"font-size\":\"\",\"line-height\":\"\"}'  style=\"\"><\/p>\n<p style=\"text-align: justify;\">Temos como princ\u00edpio a conduta pautada na seriedade, sigilo, respeito, transpar\u00eancia e acima de tudo, honestidade e \u00e9tica nos processos, trabalhando com seguran\u00e7a, cuidando especialmente de cada cliente, para que haja sempre um relacionamento saud\u00e1vel e duradouro.<\/p>\n<p><\/div> <!-- description --><\/div> <!-- aio-icon-box --><\/div> <!-- aio-icon-component -->[\/vc_column][\/vc_row]<\/p>\n","protected":false},"excerpt":{"rendered":"<p>[vc_row content_placement=&#8221;middle&#8221; css=&#8221;.vc_custom_1528578476085{padding-top: 80px !important;padding-bottom: 10px !important;}&#8221; el_id=&#8221;about&#8221;][vc_column offset=&#8221;vc_col-lg-6 vc_col-md-6&#8243; css=&#8221;.vc_custom_1515424178786{padding-bottom: 50px !important;}&#8221;][\/vc_column][vc_column width=&#8221;2\/3&#8243; offset=&#8221;vc_col-lg-offset-0 vc_col-lg-6 vc_col-md-offset-0 vc_col-md-6 vc_col-sm-offset-2&#8243; css=&#8221;.vc_custom_1515424193637{padding-bottom: 50px !important;}&#8221;][\/vc_column][\/vc_row][vc_row][vc_column width=&#8221;1\/3&#8243;][vc_column_text][\/vc_column_text][\/vc_column][vc_column width=&#8221;1\/3&#8243;][\/vc_column][vc_column width=&#8221;1\/3&#8243;][\/vc_column][\/vc_row]<\/p>\n","protected":false},"author":2,"featured_media":0,"parent":0,"menu_order":20,"comment_status":"closed","ping_status":"closed","template":"","meta":[],"yoast_head":"<!-- This site is optimized with the Yoast SEO plugin v14.4.1 - https:\/\/yoast.com\/wordpress\/plugins\/seo\/ -->\n<title>Empresa de Oxicorte em S\u00e3o Paulo Capital - EJE Oxicorte<\/title>\n<meta name=\"description\" content=\"A E.J.E tem uma experi\u00eancia de 30 anos na sua especialidade oxicorte e proporcionamos o crescimento da nossa empresa em seu ramo de atividade.Visamos exceder as expectativas no atendimento e das necessidades de todos os nossos clientes sempre atende-los com a m\u00e1xima aten\u00e7\u00e3o com agilidade nos prazos de entregas e execu\u00e7\u00e3o dos nossos servi\u00e7os.\" \/>\n<meta name=\"robots\" content=\"index, follow\" \/>\n<meta name=\"googlebot\" content=\"index, follow, max-snippet:-1, max-image-preview:large, max-video-preview:-1\" \/>\n<meta name=\"bingbot\" content=\"index, follow, max-snippet:-1, max-image-preview:large, max-video-preview:-1\" \/>\n<link rel=\"canonical\" href=\"https:\/\/www.ejeoxicorte.com.br\/site\/quem-somos\/\" \/>\n<meta property=\"og:locale\" content=\"pt_BR\" \/>\n<meta property=\"og:type\" content=\"article\" \/>\n<meta property=\"og:title\" content=\"Empresa de Oxicorte em S\u00e3o Paulo Capital - EJE Oxicorte\" \/>\n<meta property=\"og:description\" content=\"A E.J.E tem uma experi\u00eancia de 30 anos na sua especialidade oxicorte e proporcionamos o crescimento da nossa empresa em seu ramo de atividade.Visamos exceder as expectativas no atendimento e das necessidades de todos os nossos clientes sempre atende-los com a m\u00e1xima aten\u00e7\u00e3o com agilidade nos prazos de entregas e execu\u00e7\u00e3o dos nossos servi\u00e7os.\" \/>\n<meta property=\"og:url\" content=\"https:\/\/www.ejeoxicorte.com.br\/site\/quem-somos\/\" \/>\n<meta property=\"og:site_name\" content=\"EJE Oxicorte - Qualidade e Profissionalismo\" \/>\n<meta property=\"article:publisher\" content=\"https:\/\/www.facebook.com\/EJE-Oxicorte-2026155464353324\/\" \/>\n<meta property=\"article:modified_time\" content=\"2020-02-28T13:52:56+00:00\" \/>\n<meta name=\"twitter:card\" content=\"summary_large_image\" \/>\n<script type=\"application\/ld+json\" class=\"yoast-schema-graph\">{\"@context\":\"https:\/\/schema.org\",\"@graph\":[{\"@type\":\"Organization\",\"@id\":\"https:\/\/www.ejeoxicorte.com.br\/site\/#organization\",\"name\":\"EJE OXICORTE - PRECIS\\u00c3O, QUALIDADE E ENTREGA\",\"url\":\"https:\/\/www.ejeoxicorte.com.br\/site\/\",\"sameAs\":[\"https:\/\/www.facebook.com\/EJE-Oxicorte-2026155464353324\/\"],\"logo\":{\"@type\":\"ImageObject\",\"@id\":\"https:\/\/www.ejeoxicorte.com.br\/site\/#logo\",\"inLanguage\":\"pt-BR\",\"url\":\"https:\/\/www.ejeoxicorte.com.br\/site\/wp-content\/uploads\/2019\/05\/logoflutuante2.png\",\"width\":204,\"height\":70,\"caption\":\"EJE OXICORTE - PRECIS\\u00c3O, QUALIDADE E ENTREGA\"},\"image\":{\"@id\":\"https:\/\/www.ejeoxicorte.com.br\/site\/#logo\"}},{\"@type\":\"WebSite\",\"@id\":\"https:\/\/www.ejeoxicorte.com.br\/site\/#website\",\"url\":\"https:\/\/www.ejeoxicorte.com.br\/site\/\",\"name\":\"EJE- OXICORTE\",\"description\":\"EJE Oxicorte - Qualidade e Profissionalismo\",\"publisher\":{\"@id\":\"https:\/\/www.ejeoxicorte.com.br\/site\/#organization\"},\"potentialAction\":[{\"@type\":\"SearchAction\",\"target\":\"https:\/\/www.ejeoxicorte.com.br\/site\/?s={search_term_string}\",\"query-input\":\"required name=search_term_string\"}],\"inLanguage\":\"pt-BR\"},{\"@type\":\"WebPage\",\"@id\":\"https:\/\/www.ejeoxicorte.com.br\/site\/quem-somos\/#webpage\",\"url\":\"https:\/\/www.ejeoxicorte.com.br\/site\/quem-somos\/\",\"name\":\"Empresa de Oxicorte em S\\u00e3o Paulo Capital - EJE Oxicorte\",\"isPartOf\":{\"@id\":\"https:\/\/www.ejeoxicorte.com.br\/site\/#website\"},\"datePublished\":\"2017-12-06T11:35:31+00:00\",\"dateModified\":\"2020-02-28T13:52:56+00:00\",\"description\":\"A E.J.E tem uma experi\\u00eancia de 30 anos na sua especialidade oxicorte e proporcionamos o crescimento da nossa empresa em seu ramo de atividade.Visamos exceder as expectativas no atendimento e das necessidades de todos os nossos clientes sempre atende-los com a m\\u00e1xima aten\\u00e7\\u00e3o com agilidade nos prazos de entregas e execu\\u00e7\\u00e3o dos nossos servi\\u00e7os.\",\"inLanguage\":\"pt-BR\",\"potentialAction\":[{\"@type\":\"ReadAction\",\"target\":[\"https:\/\/www.ejeoxicorte.com.br\/site\/quem-somos\/\"]}]}]}<\/script>\n<!-- \/ Yoast SEO plugin. -->","_links":{"self":[{"href":"https:\/\/www.ejeoxicorte.com.br\/site\/wp-json\/wp\/v2\/pages\/1070"}],"collection":[{"href":"https:\/\/www.ejeoxicorte.com.br\/site\/wp-json\/wp\/v2\/pages"}],"about":[{"href":"https:\/\/www.ejeoxicorte.com.br\/site\/wp-json\/wp\/v2\/types\/page"}],"author":[{"embeddable":true,"href":"https:\/\/www.ejeoxicorte.com.br\/site\/wp-json\/wp\/v2\/users\/2"}],"replies":[{"embeddable":true,"href":"https:\/\/www.ejeoxicorte.com.br\/site\/wp-json\/wp\/v2\/comments?post=1070"}],"version-history":[{"count":20,"href":"https:\/\/www.ejeoxicorte.com.br\/site\/wp-json\/wp\/v2\/pages\/1070\/revisions"}],"predecessor-version":[{"id":2048,"href":"https:\/\/www.ejeoxicorte.com.br\/site\/wp-json\/wp\/v2\/pages\/1070\/revisions\/2048"}],"wp:attachment":[{"href":"https:\/\/www.ejeoxicorte.com.br\/site\/wp-json\/wp\/v2\/media?parent=1070"}],"curies":[{"name":"wp","href":"https:\/\/api.w.org\/{rel}","templated":true}]}}